{"id":1201,"date":"2018-01-30T11:37:46","date_gmt":"2018-01-30T09:37:46","guid":{"rendered":"https:\/\/vika.no\/?page_id=1201"},"modified":"2023-02-20T14:08:32","modified_gmt":"2023-02-20T13:08:32","slug":"sikkerhet","status":"publish","type":"page","link":"https:\/\/vika.no\/?page_id=1201","title":{"rendered":"Sikkerhet"},"content":{"rendered":"<div id=\"pl-1201\"  class=\"panel-layout\" ><div id=\"pg-1201-0\"  class=\"panel-grid panel-no-style\" ><div id=\"pgc-1201-0-0\"  class=\"panel-grid-cell\" ><div id=\"panel-1201-0-0-0\" class=\"so-panel widget widget_siteorigin-panels-image panel-first-child panel-last-child\" data-index=\"0\" ><div class=\"article-img-mobile-scale panel-widget-style panel-widget-style-for-1201-0-0-0\" ><img decoding=\"async\" src=\"\/wp-content\/uploads\/2018\/03\/SideBilde2.jpg\" \/><\/div><\/div><\/div><\/div><div id=\"pg-1201-1\"  class=\"panel-grid panel-no-style\" ><div id=\"pgc-1201-1-0\"  class=\"panel-grid-cell\" ><div id=\"panel-1201-1-0-0\" class=\"so-panel widget widget_text panel-first-child panel-last-child\" data-index=\"1\" >\t\t\t<div class=\"textwidget\"><p><strong>Sikkerhet<\/strong><\/p>\n<p>Gjennom flere \u00e5rs erfaring har vi innf\u00f8rt strenge sikkerhetsrutiner for v\u00e5re kunder. Vi leverer l\u00f8sninger fra verdensledende akt\u00f8rer innen brannmur og filtrering av e-post og spam.<\/p>\n<p>Sammen med godt utstyr og erfaring, \u00f8nsker vi \u00e5 skape en sikker hverdag for v\u00e5re kunder. I tillegg utvikler vi ogs\u00e5 internkontroll for \u00e5 kunne utelukke menneskelige feil.<\/p>\n<\/div>\n\t\t<\/div><\/div><\/div><div id=\"pg-1201-2\"  class=\"panel-grid panel-no-style\" ><div id=\"pgc-1201-2-0\"  class=\"panel-grid-cell\" ><div id=\"panel-1201-2-0-0\" class=\"so-panel widget widget_sow-editor panel-first-child panel-last-child\" data-index=\"2\" ><div\n\t\t\t\n\t\t\tclass=\"so-widget-sow-editor so-widget-sow-editor-base\"\n\t\t\t\n\t\t>\n<div class=\"siteorigin-widget-tinymce textwidget\">\n\t<style>\n#panel-1201-1-0-0 a {\ncolor: black;\nfont-family: \"Open Sans\", Helvetica, Arial, sans-serif;\nfont-size: 14px;\ntext-decoration: underline;\n}\n<\/style>\n<p><b><a href=\"https:\/\/www.vika.no\/?page_id=503\">Kontakt oss gjerne for r\u00e5d eller et uforpliktende tilbud.<\/a><\/b><\/p>\n<\/div>\n<\/div><\/div><\/div><\/div><div id=\"pg-1201-3\"  class=\"panel-grid panel-has-style\" ><div class=\"siteorigin-panels-stretch panel-row-style panel-row-style-for-1201-3\" data-stretch-type=\"full\" ><div id=\"pgc-1201-3-0\"  class=\"panel-grid-cell\" ><div id=\"panel-1201-3-0-0\" class=\"so-panel widget widget_sow-headline panel-first-child panel-last-child\" data-index=\"3\" ><div\n\t\t\t\n\t\t\tclass=\"so-widget-sow-headline so-widget-sow-headline-default-d6db24c2db75-1201\"\n\t\t\t\n\t\t><div class=\"sow-headline-container \">\n\t\t\t\t\t\t\t<h2 class=\"sow-headline\">\n\t\t\t\t\t\tLeverand\u00f8rer\t\t\t\t\t\t<\/h2>\n\t\t\t\t\t\t\t\t\t\t\t<div class=\"decoration\">\n\t\t\t\t\t\t<div class=\"decoration-inside\"><\/div>\n\t\t\t\t\t<\/div>\n\t\t\t\t\t<\/div>\n<\/div><\/div><\/div><\/div><\/div><div id=\"pg-1201-4\"  class=\"panel-grid panel-no-style\" ><div id=\"pgc-1201-4-0\"  class=\"panel-grid-cell\" ><div id=\"panel-1201-4-0-0\" class=\"so-panel widget widget_pw_featured_page widget-featured-page panel-first-child panel-last-child\" data-index=\"4\" >\n\t<div class=\"page-box  page-box--block\">\n\t\t\t\t\t\t\t\t\t<a class=\"page-box__picture\" href=\"https:\/\/vika.no\/?page_id=3233\">\n\t\t\t\t\t<img loading=\"lazy\" decoding=\"async\" src=\"https:\/\/vika.no\/wp-content\/uploads\/2023\/02\/Panda_A_WatchGuard_brand_Logo-360x224.png\" width=\"360\" height=\"224\" srcset=\"https:\/\/vika.no\/wp-content\/uploads\/2023\/02\/Panda_A_WatchGuard_brand_Logo-360x224.png 360w, https:\/\/vika.no\/wp-content\/uploads\/2023\/02\/Panda_A_WatchGuard_brand_Logo.png 800w\" sizes=\"(min-width: 992px) 360px, calc(100vw - 30px)\" class=\"wp-post-image\" alt=\"Panda Adaptive Defense 360\">\n\t\t\t\t<\/a>\n\t\t\t\t\t\t\t<div class=\"page-box__content\">\n\t\t\t<h5 class=\"page-box__title text-uppercase\"><a href=\"https:\/\/vika.no\/?page_id=3233\">Panda Adaptive Defense 360<\/a><\/h5>\n\t\t\t<p>Endepunkts-sikkerhet fra Panda<\/p>\n\t\t\t\t\t\t\t<p><a href=\"https:\/\/vika.no\/?page_id=3233\" class=\"read-more  read-more--page-box\">Les mer<\/a><\/p>\n\t\t\t\t\t<\/div>\n\t<\/div>\n\n<\/div><\/div><div id=\"pgc-1201-4-1\"  class=\"panel-grid-cell panel-grid-cell-empty panel-grid-cell-mobile-last\" ><\/div><div id=\"pgc-1201-4-2\"  class=\"panel-grid-cell panel-grid-cell-empty\" ><\/div><\/div><\/div>","protected":false},"excerpt":{"rendered":"<p>Sikkerhet Gjennom flere \u00e5rs erfaring har vi innf\u00f8rt strenge sikkerhetsrutiner for v\u00e5re kunder. Vi leverer l\u00f8sninger fra verdensledende akt\u00f8rer innen brannmur og filtrering av e-post og spam. Sammen med godt utstyr og erfaring, \u00f8nsker vi \u00e5 skape en sikker hverdag for v\u00e5re kunder. I tillegg utvikler vi ogs\u00e5 internkontroll for \u00e5 kunne utelukke menneskelige feil.<\/p>\n","protected":false},"author":4,"featured_media":2475,"parent":0,"menu_order":0,"comment_status":"closed","ping_status":"closed","template":"","meta":{"_acf_changed":false,"footnotes":""},"acf":[],"yoast_head":"<!-- This site is optimized with the Yoast SEO plugin v22.9 - https:\/\/yoast.com\/wordpress\/plugins\/seo\/ -->\n<title>Sikkerhet - Vika AS<\/title>\n<meta name=\"robots\" content=\"index, follow, max-snippet:-1, max-image-preview:large, max-video-preview:-1\" \/>\n<link rel=\"canonical\" href=\"https:\/\/vika.no\/?page_id=1201\" \/>\n<meta property=\"og:locale\" content=\"nb_NO\" \/>\n<meta property=\"og:type\" content=\"article\" \/>\n<meta property=\"og:title\" content=\"Sikkerhet - Vika AS\" \/>\n<meta property=\"og:description\" content=\"Sikkerhet Gjennom flere \u00e5rs erfaring har vi innf\u00f8rt strenge sikkerhetsrutiner for v\u00e5re kunder. Vi leverer l\u00f8sninger fra verdensledende akt\u00f8rer innen brannmur og filtrering av e-post og spam. Sammen med godt utstyr og erfaring, \u00f8nsker vi \u00e5 skape en sikker hverdag for v\u00e5re kunder. I tillegg utvikler vi ogs\u00e5 internkontroll for \u00e5 kunne utelukke menneskelige feil.\" \/>\n<meta property=\"og:url\" content=\"https:\/\/vika.no\/?page_id=1201\" \/>\n<meta property=\"og:site_name\" content=\"Vika AS\" \/>\n<meta property=\"article:modified_time\" content=\"2023-02-20T13:08:32+00:00\" \/>\n<meta property=\"og:image\" content=\"https:\/\/vika.no\/wp-content\/uploads\/2018\/03\/SideBilde2.jpg\" \/>\n\t<meta property=\"og:image:width\" content=\"720\" \/>\n\t<meta property=\"og:image:height\" content=\"420\" \/>\n\t<meta property=\"og:image:type\" content=\"image\/jpeg\" \/>\n<meta name=\"twitter:card\" content=\"summary_large_image\" \/>\n<meta name=\"twitter:label1\" content=\"Ansl. lesetid\" \/>\n\t<meta name=\"twitter:data1\" content=\"1 minutt\" \/>\n<script type=\"application\/ld+json\" class=\"yoast-schema-graph\">{\"@context\":\"https:\/\/schema.org\",\"@graph\":[{\"@type\":\"WebPage\",\"@id\":\"https:\/\/vika.no\/?page_id=1201\",\"url\":\"https:\/\/vika.no\/?page_id=1201\",\"name\":\"Sikkerhet - Vika AS\",\"isPartOf\":{\"@id\":\"https:\/\/vika.no\/#website\"},\"primaryImageOfPage\":{\"@id\":\"https:\/\/vika.no\/?page_id=1201#primaryimage\"},\"image\":{\"@id\":\"https:\/\/vika.no\/?page_id=1201#primaryimage\"},\"thumbnailUrl\":\"https:\/\/vika.no\/wp-content\/uploads\/2018\/03\/SideBilde2.jpg\",\"datePublished\":\"2018-01-30T09:37:46+00:00\",\"dateModified\":\"2023-02-20T13:08:32+00:00\",\"breadcrumb\":{\"@id\":\"https:\/\/vika.no\/?page_id=1201#breadcrumb\"},\"inLanguage\":\"nb-NO\",\"potentialAction\":[{\"@type\":\"ReadAction\",\"target\":[\"https:\/\/vika.no\/?page_id=1201\"]}]},{\"@type\":\"ImageObject\",\"inLanguage\":\"nb-NO\",\"@id\":\"https:\/\/vika.no\/?page_id=1201#primaryimage\",\"url\":\"https:\/\/vika.no\/wp-content\/uploads\/2018\/03\/SideBilde2.jpg\",\"contentUrl\":\"https:\/\/vika.no\/wp-content\/uploads\/2018\/03\/SideBilde2.jpg\",\"width\":720,\"height\":420},{\"@type\":\"BreadcrumbList\",\"@id\":\"https:\/\/vika.no\/?page_id=1201#breadcrumb\",\"itemListElement\":[{\"@type\":\"ListItem\",\"position\":1,\"name\":\"Home\",\"item\":\"https:\/\/vika.no\/\"},{\"@type\":\"ListItem\",\"position\":2,\"name\":\"Sikkerhet\"}]},{\"@type\":\"WebSite\",\"@id\":\"https:\/\/vika.no\/#website\",\"url\":\"https:\/\/vika.no\/\",\"name\":\"Vika AS\",\"description\":\"Lokal leverand\u00f8r av globale IT-tjenester\",\"potentialAction\":[{\"@type\":\"SearchAction\",\"target\":{\"@type\":\"EntryPoint\",\"urlTemplate\":\"https:\/\/vika.no\/?s={search_term_string}\"},\"query-input\":\"required name=search_term_string\"}],\"inLanguage\":\"nb-NO\"}]}<\/script>\n<!-- \/ Yoast SEO plugin. -->","yoast_head_json":{"title":"Sikkerhet - Vika AS","robots":{"index":"index","follow":"follow","max-snippet":"max-snippet:-1","max-image-preview":"max-image-preview:large","max-video-preview":"max-video-preview:-1"},"canonical":"https:\/\/vika.no\/?page_id=1201","og_locale":"nb_NO","og_type":"article","og_title":"Sikkerhet - Vika AS","og_description":"Sikkerhet Gjennom flere \u00e5rs erfaring har vi innf\u00f8rt strenge sikkerhetsrutiner for v\u00e5re kunder. Vi leverer l\u00f8sninger fra verdensledende akt\u00f8rer innen brannmur og filtrering av e-post og spam. Sammen med godt utstyr og erfaring, \u00f8nsker vi \u00e5 skape en sikker hverdag for v\u00e5re kunder. I tillegg utvikler vi ogs\u00e5 internkontroll for \u00e5 kunne utelukke menneskelige feil.","og_url":"https:\/\/vika.no\/?page_id=1201","og_site_name":"Vika AS","article_modified_time":"2023-02-20T13:08:32+00:00","og_image":[{"width":720,"height":420,"url":"https:\/\/vika.no\/wp-content\/uploads\/2018\/03\/SideBilde2.jpg","type":"image\/jpeg"}],"twitter_card":"summary_large_image","twitter_misc":{"Ansl. lesetid":"1 minutt"},"schema":{"@context":"https:\/\/schema.org","@graph":[{"@type":"WebPage","@id":"https:\/\/vika.no\/?page_id=1201","url":"https:\/\/vika.no\/?page_id=1201","name":"Sikkerhet - Vika AS","isPartOf":{"@id":"https:\/\/vika.no\/#website"},"primaryImageOfPage":{"@id":"https:\/\/vika.no\/?page_id=1201#primaryimage"},"image":{"@id":"https:\/\/vika.no\/?page_id=1201#primaryimage"},"thumbnailUrl":"https:\/\/vika.no\/wp-content\/uploads\/2018\/03\/SideBilde2.jpg","datePublished":"2018-01-30T09:37:46+00:00","dateModified":"2023-02-20T13:08:32+00:00","breadcrumb":{"@id":"https:\/\/vika.no\/?page_id=1201#breadcrumb"},"inLanguage":"nb-NO","potentialAction":[{"@type":"ReadAction","target":["https:\/\/vika.no\/?page_id=1201"]}]},{"@type":"ImageObject","inLanguage":"nb-NO","@id":"https:\/\/vika.no\/?page_id=1201#primaryimage","url":"https:\/\/vika.no\/wp-content\/uploads\/2018\/03\/SideBilde2.jpg","contentUrl":"https:\/\/vika.no\/wp-content\/uploads\/2018\/03\/SideBilde2.jpg","width":720,"height":420},{"@type":"BreadcrumbList","@id":"https:\/\/vika.no\/?page_id=1201#breadcrumb","itemListElement":[{"@type":"ListItem","position":1,"name":"Home","item":"https:\/\/vika.no\/"},{"@type":"ListItem","position":2,"name":"Sikkerhet"}]},{"@type":"WebSite","@id":"https:\/\/vika.no\/#website","url":"https:\/\/vika.no\/","name":"Vika AS","description":"Lokal leverand\u00f8r av globale IT-tjenester","potentialAction":[{"@type":"SearchAction","target":{"@type":"EntryPoint","urlTemplate":"https:\/\/vika.no\/?s={search_term_string}"},"query-input":"required name=search_term_string"}],"inLanguage":"nb-NO"}]}},"_links":{"self":[{"href":"https:\/\/vika.no\/index.php?rest_route=\/wp\/v2\/pages\/1201"}],"collection":[{"href":"https:\/\/vika.no\/index.php?rest_route=\/wp\/v2\/pages"}],"about":[{"href":"https:\/\/vika.no\/index.php?rest_route=\/wp\/v2\/types\/page"}],"author":[{"embeddable":true,"href":"https:\/\/vika.no\/index.php?rest_route=\/wp\/v2\/users\/4"}],"replies":[{"embeddable":true,"href":"https:\/\/vika.no\/index.php?rest_route=%2Fwp%2Fv2%2Fcomments&post=1201"}],"version-history":[{"count":73,"href":"https:\/\/vika.no\/index.php?rest_route=\/wp\/v2\/pages\/1201\/revisions"}],"predecessor-version":[{"id":3257,"href":"https:\/\/vika.no\/index.php?rest_route=\/wp\/v2\/pages\/1201\/revisions\/3257"}],"wp:featuredmedia":[{"embeddable":true,"href":"https:\/\/vika.no\/index.php?rest_route=\/wp\/v2\/media\/2475"}],"wp:attachment":[{"href":"https:\/\/vika.no\/index.php?rest_route=%2Fwp%2Fv2%2Fmedia&parent=1201"}],"curies":[{"name":"wp","href":"https:\/\/api.w.org\/{rel}","templated":true}]}}