{"id":1377,"date":"2018-02-12T11:02:56","date_gmt":"2018-02-12T09:02:56","guid":{"rendered":"https:\/\/vika.no\/?page_id=1377"},"modified":"2018-04-30T10:23:25","modified_gmt":"2018-04-30T08:23:25","slug":"produkter","status":"publish","type":"page","link":"https:\/\/vika.no\/?page_id=1377","title":{"rendered":"Salg og service"},"content":{"rendered":"<div id=\"pl-1377\"  class=\"panel-layout\" ><div id=\"pg-1377-0\"  class=\"panel-grid panel-no-style\" ><div id=\"pgc-1377-0-0\"  class=\"panel-grid-cell\" ><div id=\"panel-1377-0-0-0\" class=\"so-panel widget widget_siteorigin-panels-image panel-first-child panel-last-child\" data-index=\"0\" ><div class=\"article-img-mobile-scale panel-widget-style panel-widget-style-for-1377-0-0-0\" ><img decoding=\"async\" src=\"\/wp-content\/uploads\/2018\/03\/SideBilde3.jpg\" \/><\/div><\/div><\/div><\/div><div id=\"pg-1377-1\"  class=\"panel-grid panel-no-style\" ><div id=\"pgc-1377-1-0\"  class=\"panel-grid-cell\" ><div id=\"panel-1377-1-0-0\" class=\"so-panel widget widget_text panel-first-child panel-last-child\" data-index=\"1\" >\t\t\t<div class=\"textwidget\"><p><strong>Maskinvare<\/strong><\/p>\n<p>Vika leverer prim\u00e6rt maskinvare fra Dell&#8217;s produktportef\u00f8lje som vi har god erfaring med. Dell sine produkter oppleves som solide og stabile med sv\u00e6rt f\u00e5 feil. Dell har ogs\u00e5 en veldig god garantiavtale som s\u00f8rger for god dekning om noe uventet skulle oppst\u00e5. Vi skaffer ogs\u00e5 produkter fra HP, Sony, Microsoft m.m<\/p>\n<p>&nbsp;<\/p>\n<p><strong>Programvare<\/strong><\/p>\n<p>P\u00e5 lik linje med maskinvare, s\u00e5 leverer Vika programvare til v\u00e5re kunder. Vi kan v\u00e6re behjelpelig med innkj\u00f8p, installasjon og vedlikehold av l\u00f8sninger som Office365, Symantec Endpoint Protection, KeepItSafe backup m.m<\/p>\n<p>Vika har konsulenter med bred kompetanse og vi kan derfor ogs\u00e5 bidra med r\u00e5dgivning p\u00e5 de fleste l\u00f8sninger.<\/p>\n<\/div>\n\t\t<\/div><\/div><\/div><div id=\"pg-1377-2\"  class=\"panel-grid panel-no-style\" ><div id=\"pgc-1377-2-0\"  class=\"panel-grid-cell\" ><div id=\"panel-1377-2-0-0\" class=\"so-panel widget widget_sow-editor panel-first-child panel-last-child\" data-index=\"2\" ><div\n\t\t\t\n\t\t\tclass=\"so-widget-sow-editor so-widget-sow-editor-base\"\n\t\t\t\n\t\t>\n<div class=\"siteorigin-widget-tinymce textwidget\">\n\t<style>\n#panel-1377-1-0-0 a {\ncolor: black;\nfont-family: \"Open Sans\", Helvetica, Arial, sans-serif;\nfont-size: 14px;\ntext-decoration: underline;\n}\n<\/style>\n<p><b><a href=\"https:\/\/www.vika.no\/?page_id=503\">Kontakt oss gjerne for r\u00e5d eller et uforpliktende tilbud.<\/a><\/b><\/p>\n<\/div>\n<\/div><\/div><\/div><\/div><\/div>","protected":false},"excerpt":{"rendered":"<p>Maskinvare Vika leverer prim\u00e6rt maskinvare fra Dell&#8217;s produktportef\u00f8lje som vi har god erfaring med. Dell sine produkter oppleves som solide og stabile med sv\u00e6rt f\u00e5 feil. Dell har ogs\u00e5 en veldig god garantiavtale som s\u00f8rger for god dekning om noe uventet skulle oppst\u00e5. Vi skaffer ogs\u00e5 produkter fra HP, Sony, Microsoft m.m &nbsp; Programvare P\u00e5 &hellip;<\/p>\n","protected":false},"author":4,"featured_media":2461,"parent":0,"menu_order":0,"comment_status":"closed","ping_status":"closed","template":"","meta":{"_acf_changed":false,"footnotes":""},"acf":[],"yoast_head":"<!-- This site is optimized with the Yoast SEO plugin v22.9 - https:\/\/yoast.com\/wordpress\/plugins\/seo\/ -->\n<title>Salg og service - Vika AS<\/title>\n<meta name=\"robots\" content=\"index, follow, max-snippet:-1, max-image-preview:large, max-video-preview:-1\" \/>\n<link rel=\"canonical\" href=\"https:\/\/vika.no\/?page_id=1377\" \/>\n<meta property=\"og:locale\" content=\"nb_NO\" \/>\n<meta property=\"og:type\" content=\"article\" \/>\n<meta property=\"og:title\" content=\"Salg og service - Vika AS\" \/>\n<meta property=\"og:description\" content=\"Maskinvare Vika leverer prim\u00e6rt maskinvare fra Dell&#039;s produktportef\u00f8lje som vi har god erfaring med. Dell sine produkter oppleves som solide og stabile med sv\u00e6rt f\u00e5 feil. Dell har ogs\u00e5 en veldig god garantiavtale som s\u00f8rger for god dekning om noe uventet skulle oppst\u00e5. Vi skaffer ogs\u00e5 produkter fra HP, Sony, Microsoft m.m &nbsp; Programvare P\u00e5 &hellip;\" \/>\n<meta property=\"og:url\" content=\"https:\/\/vika.no\/?page_id=1377\" \/>\n<meta property=\"og:site_name\" content=\"Vika AS\" \/>\n<meta property=\"article:modified_time\" content=\"2018-04-30T08:23:25+00:00\" \/>\n<meta property=\"og:image\" content=\"https:\/\/vika.no\/wp-content\/uploads\/2018\/03\/SideBilde3.jpg\" \/>\n\t<meta property=\"og:image:width\" content=\"720\" \/>\n\t<meta property=\"og:image:height\" content=\"420\" \/>\n\t<meta property=\"og:image:type\" content=\"image\/jpeg\" \/>\n<meta name=\"twitter:card\" content=\"summary_large_image\" \/>\n<meta name=\"twitter:label1\" content=\"Ansl. lesetid\" \/>\n\t<meta name=\"twitter:data1\" content=\"1 minutt\" \/>\n<script type=\"application\/ld+json\" class=\"yoast-schema-graph\">{\"@context\":\"https:\/\/schema.org\",\"@graph\":[{\"@type\":\"WebPage\",\"@id\":\"https:\/\/vika.no\/?page_id=1377\",\"url\":\"https:\/\/vika.no\/?page_id=1377\",\"name\":\"Salg og service - Vika AS\",\"isPartOf\":{\"@id\":\"https:\/\/vika.no\/#website\"},\"primaryImageOfPage\":{\"@id\":\"https:\/\/vika.no\/?page_id=1377#primaryimage\"},\"image\":{\"@id\":\"https:\/\/vika.no\/?page_id=1377#primaryimage\"},\"thumbnailUrl\":\"https:\/\/vika.no\/wp-content\/uploads\/2018\/03\/SideBilde3.jpg\",\"datePublished\":\"2018-02-12T09:02:56+00:00\",\"dateModified\":\"2018-04-30T08:23:25+00:00\",\"breadcrumb\":{\"@id\":\"https:\/\/vika.no\/?page_id=1377#breadcrumb\"},\"inLanguage\":\"nb-NO\",\"potentialAction\":[{\"@type\":\"ReadAction\",\"target\":[\"https:\/\/vika.no\/?page_id=1377\"]}]},{\"@type\":\"ImageObject\",\"inLanguage\":\"nb-NO\",\"@id\":\"https:\/\/vika.no\/?page_id=1377#primaryimage\",\"url\":\"https:\/\/vika.no\/wp-content\/uploads\/2018\/03\/SideBilde3.jpg\",\"contentUrl\":\"https:\/\/vika.no\/wp-content\/uploads\/2018\/03\/SideBilde3.jpg\",\"width\":720,\"height\":420},{\"@type\":\"BreadcrumbList\",\"@id\":\"https:\/\/vika.no\/?page_id=1377#breadcrumb\",\"itemListElement\":[{\"@type\":\"ListItem\",\"position\":1,\"name\":\"Home\",\"item\":\"https:\/\/vika.no\/\"},{\"@type\":\"ListItem\",\"position\":2,\"name\":\"Salg og service\"}]},{\"@type\":\"WebSite\",\"@id\":\"https:\/\/vika.no\/#website\",\"url\":\"https:\/\/vika.no\/\",\"name\":\"Vika AS\",\"description\":\"Lokal leverand\u00f8r av globale IT-tjenester\",\"potentialAction\":[{\"@type\":\"SearchAction\",\"target\":{\"@type\":\"EntryPoint\",\"urlTemplate\":\"https:\/\/vika.no\/?s={search_term_string}\"},\"query-input\":\"required name=search_term_string\"}],\"inLanguage\":\"nb-NO\"}]}<\/script>\n<!-- \/ Yoast SEO plugin. -->","yoast_head_json":{"title":"Salg og service - Vika AS","robots":{"index":"index","follow":"follow","max-snippet":"max-snippet:-1","max-image-preview":"max-image-preview:large","max-video-preview":"max-video-preview:-1"},"canonical":"https:\/\/vika.no\/?page_id=1377","og_locale":"nb_NO","og_type":"article","og_title":"Salg og service - Vika AS","og_description":"Maskinvare Vika leverer prim\u00e6rt maskinvare fra Dell's produktportef\u00f8lje som vi har god erfaring med. Dell sine produkter oppleves som solide og stabile med sv\u00e6rt f\u00e5 feil. Dell har ogs\u00e5 en veldig god garantiavtale som s\u00f8rger for god dekning om noe uventet skulle oppst\u00e5. Vi skaffer ogs\u00e5 produkter fra HP, Sony, Microsoft m.m &nbsp; Programvare P\u00e5 &hellip;","og_url":"https:\/\/vika.no\/?page_id=1377","og_site_name":"Vika AS","article_modified_time":"2018-04-30T08:23:25+00:00","og_image":[{"width":720,"height":420,"url":"https:\/\/vika.no\/wp-content\/uploads\/2018\/03\/SideBilde3.jpg","type":"image\/jpeg"}],"twitter_card":"summary_large_image","twitter_misc":{"Ansl. lesetid":"1 minutt"},"schema":{"@context":"https:\/\/schema.org","@graph":[{"@type":"WebPage","@id":"https:\/\/vika.no\/?page_id=1377","url":"https:\/\/vika.no\/?page_id=1377","name":"Salg og service - Vika AS","isPartOf":{"@id":"https:\/\/vika.no\/#website"},"primaryImageOfPage":{"@id":"https:\/\/vika.no\/?page_id=1377#primaryimage"},"image":{"@id":"https:\/\/vika.no\/?page_id=1377#primaryimage"},"thumbnailUrl":"https:\/\/vika.no\/wp-content\/uploads\/2018\/03\/SideBilde3.jpg","datePublished":"2018-02-12T09:02:56+00:00","dateModified":"2018-04-30T08:23:25+00:00","breadcrumb":{"@id":"https:\/\/vika.no\/?page_id=1377#breadcrumb"},"inLanguage":"nb-NO","potentialAction":[{"@type":"ReadAction","target":["https:\/\/vika.no\/?page_id=1377"]}]},{"@type":"ImageObject","inLanguage":"nb-NO","@id":"https:\/\/vika.no\/?page_id=1377#primaryimage","url":"https:\/\/vika.no\/wp-content\/uploads\/2018\/03\/SideBilde3.jpg","contentUrl":"https:\/\/vika.no\/wp-content\/uploads\/2018\/03\/SideBilde3.jpg","width":720,"height":420},{"@type":"BreadcrumbList","@id":"https:\/\/vika.no\/?page_id=1377#breadcrumb","itemListElement":[{"@type":"ListItem","position":1,"name":"Home","item":"https:\/\/vika.no\/"},{"@type":"ListItem","position":2,"name":"Salg og service"}]},{"@type":"WebSite","@id":"https:\/\/vika.no\/#website","url":"https:\/\/vika.no\/","name":"Vika AS","description":"Lokal leverand\u00f8r av globale IT-tjenester","potentialAction":[{"@type":"SearchAction","target":{"@type":"EntryPoint","urlTemplate":"https:\/\/vika.no\/?s={search_term_string}"},"query-input":"required name=search_term_string"}],"inLanguage":"nb-NO"}]}},"_links":{"self":[{"href":"https:\/\/vika.no\/index.php?rest_route=\/wp\/v2\/pages\/1377"}],"collection":[{"href":"https:\/\/vika.no\/index.php?rest_route=\/wp\/v2\/pages"}],"about":[{"href":"https:\/\/vika.no\/index.php?rest_route=\/wp\/v2\/types\/page"}],"author":[{"embeddable":true,"href":"https:\/\/vika.no\/index.php?rest_route=\/wp\/v2\/users\/4"}],"replies":[{"embeddable":true,"href":"https:\/\/vika.no\/index.php?rest_route=%2Fwp%2Fv2%2Fcomments&post=1377"}],"version-history":[{"count":237,"href":"https:\/\/vika.no\/index.php?rest_route=\/wp\/v2\/pages\/1377\/revisions"}],"predecessor-version":[{"id":2687,"href":"https:\/\/vika.no\/index.php?rest_route=\/wp\/v2\/pages\/1377\/revisions\/2687"}],"wp:featuredmedia":[{"embeddable":true,"href":"https:\/\/vika.no\/index.php?rest_route=\/wp\/v2\/media\/2461"}],"wp:attachment":[{"href":"https:\/\/vika.no\/index.php?rest_route=%2Fwp%2Fv2%2Fmedia&parent=1377"}],"curies":[{"name":"wp","href":"https:\/\/api.w.org\/{rel}","templated":true}]}}