{"id":1462,"date":"2018-02-12T16:10:46","date_gmt":"2018-02-12T14:10:46","guid":{"rendered":"https:\/\/vika.no\/?page_id=1462"},"modified":"2018-04-30T10:25:59","modified_gmt":"2018-04-30T08:25:59","slug":"helsetjenester","status":"publish","type":"page","link":"https:\/\/vika.no\/?page_id=1462","title":{"rendered":"Helsetjenester"},"content":{"rendered":"<div id=\"pl-1462\"  class=\"panel-layout\" ><div id=\"pg-1462-0\"  class=\"panel-grid panel-no-style\" ><div id=\"pgc-1462-0-0\"  class=\"panel-grid-cell\" ><div id=\"panel-1462-0-0-0\" class=\"so-panel widget widget_siteorigin-panels-image panel-first-child panel-last-child\" data-index=\"0\" ><div class=\"article-img-mobile-scale panel-widget-style panel-widget-style-for-1462-0-0-0\" ><img decoding=\"async\" src=\"\/wp-content\/uploads\/2018\/03\/SideBilde6.jpg\" \/><\/div><\/div><\/div><\/div><div id=\"pg-1462-1\"  class=\"panel-grid panel-no-style\" ><div id=\"pgc-1462-1-0\"  class=\"panel-grid-cell\" ><div id=\"panel-1462-1-0-0\" class=\"so-panel widget widget_text panel-first-child panel-last-child\" data-index=\"1\" >\t\t\t<div class=\"textwidget\"><p><strong>Sentral og lokal drift av journalsystemer<\/strong><\/p>\n<p>V\u00e5re kunder benytter seg av mange forskjellige journalsystemer og vi kan derfor tilby bred erfaring og kompetanse rundt de fleste systemene p\u00e5 markedet, samt deres EDI-l\u00f8sninger for sending og mottak av elektronisk meldinger. Vi tilbyr drift og vedlikehold b\u00e5de lokalt hos kunden og sentralt hos oss hvor det hele settes opp i skyen med sikker tilkobling via Norsk Helsenett.<\/p>\n<p>Med fokus p\u00e5 kvalitet og forn\u00f8yde kunder, er vi \u00e5pne for \u00e5 finne den l\u00f8sningen som passer best for dere. Vi tar behov og krav i betraktning n\u00e5r vi setter opp et tilbud for deres kontor.<\/p>\n<p>&nbsp;<\/p>\n<p><strong>Drift og vedlikehold av EDI<\/strong><\/p>\n<p>Vika har mange \u00e5rs erfaring med EDI l\u00f8sninger og kan hjelpe v\u00e5re kunder slik at en kan kommunisere med resten av helse Norge uten \u00e5 v\u00e6re usikker p\u00e5 om dette fungerer. Vika samarbeider tett med de private r\u00f8ntgenselskapene i Norge vedr\u00f8rende installasjon, oppsett og feils\u00f8king av elektronisk r\u00f8ntgenrekvisisjon p\u00e5 legekontorene.<\/p>\n<p>&nbsp;<\/p>\n<p><strong>Drift av spesialistkontorer<\/strong><\/p>\n<p>I tillegg til drift av ordin\u00e6re legekontorer, drifter vi ogs\u00e5 spesialistkontorer. Vi har erfaring og kompetanse med programvare relatert til spesialistklinikker og kan bidra med installasjon, vedlikehold og feils\u00f8king p\u00e5 programvaren.<\/p>\n<p>&nbsp;<\/p>\n<p><strong>Vika fjernhjelpsl\u00f8sning<\/strong><\/p>\n<p>Vika f\u00f8rer en egen l\u00f8sning for fjernhjelp som er godkjent av Norsk Helsenett. Tjenesten baserer seg p\u00e5 det anerkjente programmet TeamViewer med noen sm\u00e5 modifikasjoner for \u00e5 gj\u00f8re programmet egnet til bruk i Norsk Helsenett.<\/p>\n<p>&nbsp;<\/p>\n<p><strong>Vika hosting Norsk Helsenett<\/strong><\/p>\n<p>Leverand\u00f8rer med behov for tjenester i Norsk Helsenett benytter oss til hosting av sine driftskritiske tjenester som oppdateringstjenester og databaseservere.<\/p>\n<\/div>\n\t\t<\/div><\/div><\/div><div id=\"pg-1462-2\"  class=\"panel-grid panel-no-style\" ><div id=\"pgc-1462-2-0\"  class=\"panel-grid-cell\" ><div id=\"panel-1462-2-0-0\" class=\"so-panel widget widget_sow-editor panel-first-child panel-last-child\" data-index=\"2\" ><div\n\t\t\t\n\t\t\tclass=\"so-widget-sow-editor so-widget-sow-editor-base\"\n\t\t\t\n\t\t>\n<div class=\"siteorigin-widget-tinymce textwidget\">\n\t<style>\n#panel-1462-1-0-0 a{\ncolor: black;\nfont-family: \"Open Sans\", Helvetica, Arial, sans-serif;\nfont-size: 14px;\ntext-decoration: underline;\n}\n<\/style>\n<p><b><a href=\"https:\/\/www.vika.no\/?page_id=503\">Kontakt oss gjerne for r\u00e5d eller et uforpliktende tilbud.<\/a><\/b><\/p>\n<\/div>\n<\/div><\/div><\/div><\/div><\/div>","protected":false},"excerpt":{"rendered":"<p>Sentral og lokal drift av journalsystemer V\u00e5re kunder benytter seg av mange forskjellige journalsystemer og vi kan derfor tilby bred erfaring og kompetanse rundt de fleste systemene p\u00e5 markedet, samt deres EDI-l\u00f8sninger for sending og mottak av elektronisk meldinger. Vi tilbyr drift og vedlikehold b\u00e5de lokalt hos kunden og sentralt hos oss hvor det hele &hellip;<\/p>\n","protected":false},"author":4,"featured_media":2467,"parent":0,"menu_order":0,"comment_status":"closed","ping_status":"closed","template":"","meta":{"_acf_changed":false,"footnotes":""},"acf":[],"yoast_head":"<!-- This site is optimized with the Yoast SEO plugin v22.9 - https:\/\/yoast.com\/wordpress\/plugins\/seo\/ -->\n<title>Helsetjenester - Vika AS<\/title>\n<meta name=\"robots\" content=\"index, follow, max-snippet:-1, max-image-preview:large, max-video-preview:-1\" \/>\n<link rel=\"canonical\" href=\"https:\/\/vika.no\/?page_id=1462\" \/>\n<meta property=\"og:locale\" content=\"nb_NO\" \/>\n<meta property=\"og:type\" content=\"article\" \/>\n<meta property=\"og:title\" content=\"Helsetjenester - Vika AS\" \/>\n<meta property=\"og:description\" content=\"Sentral og lokal drift av journalsystemer V\u00e5re kunder benytter seg av mange forskjellige journalsystemer og vi kan derfor tilby bred erfaring og kompetanse rundt de fleste systemene p\u00e5 markedet, samt deres EDI-l\u00f8sninger for sending og mottak av elektronisk meldinger. Vi tilbyr drift og vedlikehold b\u00e5de lokalt hos kunden og sentralt hos oss hvor det hele &hellip;\" \/>\n<meta property=\"og:url\" content=\"https:\/\/vika.no\/?page_id=1462\" \/>\n<meta property=\"og:site_name\" content=\"Vika AS\" \/>\n<meta property=\"article:modified_time\" content=\"2018-04-30T08:25:59+00:00\" \/>\n<meta property=\"og:image\" content=\"https:\/\/vika.no\/wp-content\/uploads\/2018\/03\/SideBilde6.jpg\" \/>\n\t<meta property=\"og:image:width\" content=\"720\" \/>\n\t<meta property=\"og:image:height\" content=\"420\" \/>\n\t<meta property=\"og:image:type\" content=\"image\/jpeg\" \/>\n<meta name=\"twitter:card\" content=\"summary_large_image\" \/>\n<meta name=\"twitter:label1\" content=\"Ansl. lesetid\" \/>\n\t<meta name=\"twitter:data1\" content=\"1 minutt\" \/>\n<script type=\"application\/ld+json\" class=\"yoast-schema-graph\">{\"@context\":\"https:\/\/schema.org\",\"@graph\":[{\"@type\":\"WebPage\",\"@id\":\"https:\/\/vika.no\/?page_id=1462\",\"url\":\"https:\/\/vika.no\/?page_id=1462\",\"name\":\"Helsetjenester - Vika AS\",\"isPartOf\":{\"@id\":\"https:\/\/vika.no\/#website\"},\"primaryImageOfPage\":{\"@id\":\"https:\/\/vika.no\/?page_id=1462#primaryimage\"},\"image\":{\"@id\":\"https:\/\/vika.no\/?page_id=1462#primaryimage\"},\"thumbnailUrl\":\"https:\/\/vika.no\/wp-content\/uploads\/2018\/03\/SideBilde6.jpg\",\"datePublished\":\"2018-02-12T14:10:46+00:00\",\"dateModified\":\"2018-04-30T08:25:59+00:00\",\"breadcrumb\":{\"@id\":\"https:\/\/vika.no\/?page_id=1462#breadcrumb\"},\"inLanguage\":\"nb-NO\",\"potentialAction\":[{\"@type\":\"ReadAction\",\"target\":[\"https:\/\/vika.no\/?page_id=1462\"]}]},{\"@type\":\"ImageObject\",\"inLanguage\":\"nb-NO\",\"@id\":\"https:\/\/vika.no\/?page_id=1462#primaryimage\",\"url\":\"https:\/\/vika.no\/wp-content\/uploads\/2018\/03\/SideBilde6.jpg\",\"contentUrl\":\"https:\/\/vika.no\/wp-content\/uploads\/2018\/03\/SideBilde6.jpg\",\"width\":720,\"height\":420},{\"@type\":\"BreadcrumbList\",\"@id\":\"https:\/\/vika.no\/?page_id=1462#breadcrumb\",\"itemListElement\":[{\"@type\":\"ListItem\",\"position\":1,\"name\":\"Home\",\"item\":\"https:\/\/vika.no\/\"},{\"@type\":\"ListItem\",\"position\":2,\"name\":\"Helsetjenester\"}]},{\"@type\":\"WebSite\",\"@id\":\"https:\/\/vika.no\/#website\",\"url\":\"https:\/\/vika.no\/\",\"name\":\"Vika AS\",\"description\":\"Lokal leverand\u00f8r av globale IT-tjenester\",\"potentialAction\":[{\"@type\":\"SearchAction\",\"target\":{\"@type\":\"EntryPoint\",\"urlTemplate\":\"https:\/\/vika.no\/?s={search_term_string}\"},\"query-input\":\"required name=search_term_string\"}],\"inLanguage\":\"nb-NO\"}]}<\/script>\n<!-- \/ Yoast SEO plugin. -->","yoast_head_json":{"title":"Helsetjenester - Vika AS","robots":{"index":"index","follow":"follow","max-snippet":"max-snippet:-1","max-image-preview":"max-image-preview:large","max-video-preview":"max-video-preview:-1"},"canonical":"https:\/\/vika.no\/?page_id=1462","og_locale":"nb_NO","og_type":"article","og_title":"Helsetjenester - Vika AS","og_description":"Sentral og lokal drift av journalsystemer V\u00e5re kunder benytter seg av mange forskjellige journalsystemer og vi kan derfor tilby bred erfaring og kompetanse rundt de fleste systemene p\u00e5 markedet, samt deres EDI-l\u00f8sninger for sending og mottak av elektronisk meldinger. Vi tilbyr drift og vedlikehold b\u00e5de lokalt hos kunden og sentralt hos oss hvor det hele &hellip;","og_url":"https:\/\/vika.no\/?page_id=1462","og_site_name":"Vika AS","article_modified_time":"2018-04-30T08:25:59+00:00","og_image":[{"width":720,"height":420,"url":"https:\/\/vika.no\/wp-content\/uploads\/2018\/03\/SideBilde6.jpg","type":"image\/jpeg"}],"twitter_card":"summary_large_image","twitter_misc":{"Ansl. lesetid":"1 minutt"},"schema":{"@context":"https:\/\/schema.org","@graph":[{"@type":"WebPage","@id":"https:\/\/vika.no\/?page_id=1462","url":"https:\/\/vika.no\/?page_id=1462","name":"Helsetjenester - Vika AS","isPartOf":{"@id":"https:\/\/vika.no\/#website"},"primaryImageOfPage":{"@id":"https:\/\/vika.no\/?page_id=1462#primaryimage"},"image":{"@id":"https:\/\/vika.no\/?page_id=1462#primaryimage"},"thumbnailUrl":"https:\/\/vika.no\/wp-content\/uploads\/2018\/03\/SideBilde6.jpg","datePublished":"2018-02-12T14:10:46+00:00","dateModified":"2018-04-30T08:25:59+00:00","breadcrumb":{"@id":"https:\/\/vika.no\/?page_id=1462#breadcrumb"},"inLanguage":"nb-NO","potentialAction":[{"@type":"ReadAction","target":["https:\/\/vika.no\/?page_id=1462"]}]},{"@type":"ImageObject","inLanguage":"nb-NO","@id":"https:\/\/vika.no\/?page_id=1462#primaryimage","url":"https:\/\/vika.no\/wp-content\/uploads\/2018\/03\/SideBilde6.jpg","contentUrl":"https:\/\/vika.no\/wp-content\/uploads\/2018\/03\/SideBilde6.jpg","width":720,"height":420},{"@type":"BreadcrumbList","@id":"https:\/\/vika.no\/?page_id=1462#breadcrumb","itemListElement":[{"@type":"ListItem","position":1,"name":"Home","item":"https:\/\/vika.no\/"},{"@type":"ListItem","position":2,"name":"Helsetjenester"}]},{"@type":"WebSite","@id":"https:\/\/vika.no\/#website","url":"https:\/\/vika.no\/","name":"Vika AS","description":"Lokal leverand\u00f8r av globale IT-tjenester","potentialAction":[{"@type":"SearchAction","target":{"@type":"EntryPoint","urlTemplate":"https:\/\/vika.no\/?s={search_term_string}"},"query-input":"required name=search_term_string"}],"inLanguage":"nb-NO"}]}},"_links":{"self":[{"href":"https:\/\/vika.no\/index.php?rest_route=\/wp\/v2\/pages\/1462"}],"collection":[{"href":"https:\/\/vika.no\/index.php?rest_route=\/wp\/v2\/pages"}],"about":[{"href":"https:\/\/vika.no\/index.php?rest_route=\/wp\/v2\/types\/page"}],"author":[{"embeddable":true,"href":"https:\/\/vika.no\/index.php?rest_route=\/wp\/v2\/users\/4"}],"replies":[{"embeddable":true,"href":"https:\/\/vika.no\/index.php?rest_route=%2Fwp%2Fv2%2Fcomments&post=1462"}],"version-history":[{"count":69,"href":"https:\/\/vika.no\/index.php?rest_route=\/wp\/v2\/pages\/1462\/revisions"}],"predecessor-version":[{"id":2693,"href":"https:\/\/vika.no\/index.php?rest_route=\/wp\/v2\/pages\/1462\/revisions\/2693"}],"wp:featuredmedia":[{"embeddable":true,"href":"https:\/\/vika.no\/index.php?rest_route=\/wp\/v2\/media\/2467"}],"wp:attachment":[{"href":"https:\/\/vika.no\/index.php?rest_route=%2Fwp%2Fv2%2Fmedia&parent=1462"}],"curies":[{"name":"wp","href":"https:\/\/api.w.org\/{rel}","templated":true}]}}