{"id":198,"date":"2015-09-02T11:53:16","date_gmt":"2015-09-02T11:53:16","guid":{"rendered":"https:\/\/xml-io.proteusthemes.com\/repairpress\/?page_id=198"},"modified":"2023-02-09T15:17:17","modified_gmt":"2023-02-09T14:17:17","slug":"tablet-ipad-repair","status":"publish","type":"page","link":"https:\/\/vika.no\/?page_id=198","title":{"rendered":"Skytjenester"},"content":{"rendered":"<div id=\"pl-198\"  class=\"panel-layout\" ><div id=\"pg-198-0\"  class=\"panel-grid panel-no-style\" ><div id=\"pgc-198-0-0\"  class=\"panel-grid-cell\" ><div id=\"panel-198-0-0-0\" class=\"so-panel widget widget_sow-image panel-first-child panel-last-child\" data-index=\"0\" ><div\n\t\t\t\n\t\t\tclass=\"so-widget-sow-image so-widget-sow-image-default-fcdcd8a14e55-198\"\n\t\t\t\n\t\t>\n\n<div class=\"sow-image-container\">\n\t\t<img loading=\"lazy\" decoding=\"async\" src=\"https:\/\/vika.no\/wp-content\/uploads\/2018\/03\/SideBilde1.jpg\" width=\"720\" height=\"420\" srcset=\"https:\/\/vika.no\/wp-content\/uploads\/2018\/03\/SideBilde1.jpg 720w, https:\/\/vika.no\/wp-content\/uploads\/2018\/03\/SideBilde1-246x144.jpg 246w, https:\/\/vika.no\/wp-content\/uploads\/2018\/03\/SideBilde1-300x175.jpg 300w\" sizes=\"(max-width: 720px) 100vw, 720px\" alt=\"\" \t\tclass=\"so-widget-image\"\/>\n\t<\/div>\n\n<\/div><\/div><\/div><\/div><div id=\"pg-198-1\"  class=\"panel-grid panel-no-style\" ><div id=\"pgc-198-1-0\"  class=\"panel-grid-cell\" ><div id=\"panel-198-1-0-0\" class=\"so-panel widget widget_text panel-first-child panel-last-child\" data-index=\"1\" >\t\t\t<div class=\"textwidget\"><p><strong>Sentral drift av server og applikasjoner<\/strong><\/p>\n<p>Vi gir kundene v\u00e5re muligheten til \u00e5 ha driftsutstyret st\u00e5ende hos oss. Dette passer godt for mindre bedrifter og\/eller bedrifter som ikke har en egnet plass til \u00e5 oppbevare utstyret. Skyl\u00f8sningene v\u00e5re kan tilpasses for \u00e5 ivareta kundens verdier og interesser.<\/p>\n<p>&nbsp;<\/p>\n<p><strong>Sikker p\u00e5logging<\/strong><\/p>\n<p>Vi tilbyr sikker p\u00e5logging ved hjelp av kodebrikke eller smartkort. Dette er for \u00e5 sikre og ha kontroll p\u00e5 hvem som logger seg p\u00e5 i andre enden. Dette kan vi forsikre oss om ved \u00e5 bruke en 2-faktoridentifisering eller ved p\u00e5logging med et personlig smartkort.<\/p>\n<p>&nbsp;<\/p>\n<p><strong>Hybride skyl\u00f8sninger<\/strong><\/p>\n<p>Et eksempel kan v\u00e6re \u00e5 g\u00e5 for en hybrid skyl\u00f8sning hvor dere har en server st\u00e5ende sentralt hos oss , hvor vi ogs\u00e5 integrerer en privat skyl\u00f8sning som f.eks Microsoft Office365, Google G Suite eller Amazon Drive. Dette kan v\u00e6re en god id\u00e9 for bedrifter hvor de ansatte arbeider mye p\u00e5 farten og\/eller har uker med mye arbeid utenfor kontoret.<\/p>\n<p>&nbsp;<\/p>\n<p><strong>Pasientjournaler i skyen<\/strong><\/p>\n<p>Vi leverer ogs\u00e5 godkjente skyl\u00f8sninger for Norsk Helsenett. Dette er ideelt for sm\u00e5 legekontorer eller en solopraksis, hvor vi kan lage en kostnadseffektiv l\u00f8sning.<\/p>\n<\/div>\n\t\t<\/div><\/div><\/div><div id=\"pg-198-2\"  class=\"panel-grid panel-no-style\" ><div id=\"pgc-198-2-0\"  class=\"panel-grid-cell\" ><div id=\"panel-198-2-0-0\" class=\"so-panel widget widget_sow-editor panel-first-child panel-last-child\" data-index=\"2\" ><div\n\t\t\t\n\t\t\tclass=\"so-widget-sow-editor so-widget-sow-editor-base\"\n\t\t\t\n\t\t>\n<div class=\"siteorigin-widget-tinymce textwidget\">\n\t<style>\n#panel-198-1-0-0 a{\ncolor: black;\nfont-family: \"Open Sans\", Helvetica, Arial, sans-serif;\nfont-size: 14px;\ntext-decoration: underline;\n}\n<\/style>\n<p><b><a href=\"https:\/\/www.vika.no\/?page_id=503\">Kontakt oss gjerne for r\u00e5d eller et uforpliktende tilbud.<\/a><\/b><\/p>\n<\/div>\n<\/div><\/div><\/div><\/div><\/div>","protected":false},"excerpt":{"rendered":"<p>Sentral drift av server og applikasjoner Vi gir kundene v\u00e5re muligheten til \u00e5 ha driftsutstyret st\u00e5ende hos oss. Dette passer godt for mindre bedrifter og\/eller bedrifter som ikke har en egnet plass til \u00e5 oppbevare utstyret. Skyl\u00f8sningene v\u00e5re kan tilpasses for \u00e5 ivareta kundens verdier og interesser. &nbsp; Sikker p\u00e5logging Vi tilbyr sikker p\u00e5logging ved &hellip;<\/p>\n","protected":false},"author":1,"featured_media":2472,"parent":501,"menu_order":0,"comment_status":"closed","ping_status":"closed","template":"","meta":{"_acf_changed":false,"footnotes":""},"acf":[],"yoast_head":"<!-- This site is optimized with the Yoast SEO plugin v22.9 - https:\/\/yoast.com\/wordpress\/plugins\/seo\/ -->\n<title>Skytjenester - Vika AS<\/title>\n<meta name=\"robots\" content=\"index, follow, max-snippet:-1, max-image-preview:large, max-video-preview:-1\" \/>\n<link rel=\"canonical\" href=\"https:\/\/vika.no\/?page_id=198\" \/>\n<meta property=\"og:locale\" content=\"nb_NO\" \/>\n<meta property=\"og:type\" content=\"article\" \/>\n<meta property=\"og:title\" content=\"Skytjenester - Vika AS\" \/>\n<meta property=\"og:description\" content=\"Sentral drift av server og applikasjoner Vi gir kundene v\u00e5re muligheten til \u00e5 ha driftsutstyret st\u00e5ende hos oss. Dette passer godt for mindre bedrifter og\/eller bedrifter som ikke har en egnet plass til \u00e5 oppbevare utstyret. Skyl\u00f8sningene v\u00e5re kan tilpasses for \u00e5 ivareta kundens verdier og interesser. &nbsp; Sikker p\u00e5logging Vi tilbyr sikker p\u00e5logging ved &hellip;\" \/>\n<meta property=\"og:url\" content=\"https:\/\/vika.no\/?page_id=198\" \/>\n<meta property=\"og:site_name\" content=\"Vika AS\" \/>\n<meta property=\"article:modified_time\" content=\"2023-02-09T14:17:17+00:00\" \/>\n<meta property=\"og:image\" content=\"https:\/\/vika.no\/wp-content\/uploads\/2018\/03\/SideBilde1.jpg\" \/>\n\t<meta property=\"og:image:width\" content=\"720\" \/>\n\t<meta property=\"og:image:height\" content=\"420\" \/>\n\t<meta property=\"og:image:type\" content=\"image\/jpeg\" \/>\n<meta name=\"twitter:card\" content=\"summary_large_image\" \/>\n<meta name=\"twitter:label1\" content=\"Ansl. lesetid\" \/>\n\t<meta name=\"twitter:data1\" content=\"2 minutter\" \/>\n<script type=\"application\/ld+json\" class=\"yoast-schema-graph\">{\"@context\":\"https:\/\/schema.org\",\"@graph\":[{\"@type\":\"WebPage\",\"@id\":\"https:\/\/vika.no\/?page_id=198\",\"url\":\"https:\/\/vika.no\/?page_id=198\",\"name\":\"Skytjenester - Vika AS\",\"isPartOf\":{\"@id\":\"https:\/\/vika.no\/#website\"},\"primaryImageOfPage\":{\"@id\":\"https:\/\/vika.no\/?page_id=198#primaryimage\"},\"image\":{\"@id\":\"https:\/\/vika.no\/?page_id=198#primaryimage\"},\"thumbnailUrl\":\"https:\/\/vika.no\/wp-content\/uploads\/2018\/03\/SideBilde1.jpg\",\"datePublished\":\"2015-09-02T11:53:16+00:00\",\"dateModified\":\"2023-02-09T14:17:17+00:00\",\"breadcrumb\":{\"@id\":\"https:\/\/vika.no\/?page_id=198#breadcrumb\"},\"inLanguage\":\"nb-NO\",\"potentialAction\":[{\"@type\":\"ReadAction\",\"target\":[\"https:\/\/vika.no\/?page_id=198\"]}]},{\"@type\":\"ImageObject\",\"inLanguage\":\"nb-NO\",\"@id\":\"https:\/\/vika.no\/?page_id=198#primaryimage\",\"url\":\"https:\/\/vika.no\/wp-content\/uploads\/2018\/03\/SideBilde1.jpg\",\"contentUrl\":\"https:\/\/vika.no\/wp-content\/uploads\/2018\/03\/SideBilde1.jpg\",\"width\":720,\"height\":420},{\"@type\":\"BreadcrumbList\",\"@id\":\"https:\/\/vika.no\/?page_id=198#breadcrumb\",\"itemListElement\":[{\"@type\":\"ListItem\",\"position\":1,\"name\":\"Home\",\"item\":\"https:\/\/vika.no\/\"},{\"@type\":\"ListItem\",\"position\":2,\"name\":\"IT Driftstjenester\",\"item\":\"https:\/\/vika.no\/?page_id=501\"},{\"@type\":\"ListItem\",\"position\":3,\"name\":\"Skytjenester\"}]},{\"@type\":\"WebSite\",\"@id\":\"https:\/\/vika.no\/#website\",\"url\":\"https:\/\/vika.no\/\",\"name\":\"Vika AS\",\"description\":\"Lokal leverand\u00f8r av globale IT-tjenester\",\"potentialAction\":[{\"@type\":\"SearchAction\",\"target\":{\"@type\":\"EntryPoint\",\"urlTemplate\":\"https:\/\/vika.no\/?s={search_term_string}\"},\"query-input\":\"required name=search_term_string\"}],\"inLanguage\":\"nb-NO\"}]}<\/script>\n<!-- \/ Yoast SEO plugin. -->","yoast_head_json":{"title":"Skytjenester - Vika AS","robots":{"index":"index","follow":"follow","max-snippet":"max-snippet:-1","max-image-preview":"max-image-preview:large","max-video-preview":"max-video-preview:-1"},"canonical":"https:\/\/vika.no\/?page_id=198","og_locale":"nb_NO","og_type":"article","og_title":"Skytjenester - Vika AS","og_description":"Sentral drift av server og applikasjoner Vi gir kundene v\u00e5re muligheten til \u00e5 ha driftsutstyret st\u00e5ende hos oss. Dette passer godt for mindre bedrifter og\/eller bedrifter som ikke har en egnet plass til \u00e5 oppbevare utstyret. Skyl\u00f8sningene v\u00e5re kan tilpasses for \u00e5 ivareta kundens verdier og interesser. &nbsp; Sikker p\u00e5logging Vi tilbyr sikker p\u00e5logging ved &hellip;","og_url":"https:\/\/vika.no\/?page_id=198","og_site_name":"Vika AS","article_modified_time":"2023-02-09T14:17:17+00:00","og_image":[{"width":720,"height":420,"url":"https:\/\/vika.no\/wp-content\/uploads\/2018\/03\/SideBilde1.jpg","type":"image\/jpeg"}],"twitter_card":"summary_large_image","twitter_misc":{"Ansl. lesetid":"2 minutter"},"schema":{"@context":"https:\/\/schema.org","@graph":[{"@type":"WebPage","@id":"https:\/\/vika.no\/?page_id=198","url":"https:\/\/vika.no\/?page_id=198","name":"Skytjenester - Vika AS","isPartOf":{"@id":"https:\/\/vika.no\/#website"},"primaryImageOfPage":{"@id":"https:\/\/vika.no\/?page_id=198#primaryimage"},"image":{"@id":"https:\/\/vika.no\/?page_id=198#primaryimage"},"thumbnailUrl":"https:\/\/vika.no\/wp-content\/uploads\/2018\/03\/SideBilde1.jpg","datePublished":"2015-09-02T11:53:16+00:00","dateModified":"2023-02-09T14:17:17+00:00","breadcrumb":{"@id":"https:\/\/vika.no\/?page_id=198#breadcrumb"},"inLanguage":"nb-NO","potentialAction":[{"@type":"ReadAction","target":["https:\/\/vika.no\/?page_id=198"]}]},{"@type":"ImageObject","inLanguage":"nb-NO","@id":"https:\/\/vika.no\/?page_id=198#primaryimage","url":"https:\/\/vika.no\/wp-content\/uploads\/2018\/03\/SideBilde1.jpg","contentUrl":"https:\/\/vika.no\/wp-content\/uploads\/2018\/03\/SideBilde1.jpg","width":720,"height":420},{"@type":"BreadcrumbList","@id":"https:\/\/vika.no\/?page_id=198#breadcrumb","itemListElement":[{"@type":"ListItem","position":1,"name":"Home","item":"https:\/\/vika.no\/"},{"@type":"ListItem","position":2,"name":"IT Driftstjenester","item":"https:\/\/vika.no\/?page_id=501"},{"@type":"ListItem","position":3,"name":"Skytjenester"}]},{"@type":"WebSite","@id":"https:\/\/vika.no\/#website","url":"https:\/\/vika.no\/","name":"Vika AS","description":"Lokal leverand\u00f8r av globale IT-tjenester","potentialAction":[{"@type":"SearchAction","target":{"@type":"EntryPoint","urlTemplate":"https:\/\/vika.no\/?s={search_term_string}"},"query-input":"required name=search_term_string"}],"inLanguage":"nb-NO"}]}},"_links":{"self":[{"href":"https:\/\/vika.no\/index.php?rest_route=\/wp\/v2\/pages\/198"}],"collection":[{"href":"https:\/\/vika.no\/index.php?rest_route=\/wp\/v2\/pages"}],"about":[{"href":"https:\/\/vika.no\/index.php?rest_route=\/wp\/v2\/types\/page"}],"author":[{"embeddable":true,"href":"https:\/\/vika.no\/index.php?rest_route=\/wp\/v2\/users\/1"}],"replies":[{"embeddable":true,"href":"https:\/\/vika.no\/index.php?rest_route=%2Fwp%2Fv2%2Fcomments&post=198"}],"version-history":[{"count":85,"href":"https:\/\/vika.no\/index.php?rest_route=\/wp\/v2\/pages\/198\/revisions"}],"predecessor-version":[{"id":3124,"href":"https:\/\/vika.no\/index.php?rest_route=\/wp\/v2\/pages\/198\/revisions\/3124"}],"up":[{"embeddable":true,"href":"https:\/\/vika.no\/index.php?rest_route=\/wp\/v2\/pages\/501"}],"wp:featuredmedia":[{"embeddable":true,"href":"https:\/\/vika.no\/index.php?rest_route=\/wp\/v2\/media\/2472"}],"wp:attachment":[{"href":"https:\/\/vika.no\/index.php?rest_route=%2Fwp%2Fv2%2Fmedia&parent=198"}],"curies":[{"name":"wp","href":"https:\/\/api.w.org\/{rel}","templated":true}]}}