{"id":3233,"date":"2023-02-20T13:41:04","date_gmt":"2023-02-20T12:41:04","guid":{"rendered":"https:\/\/vika.no\/?page_id=3233"},"modified":"2023-02-20T14:27:03","modified_gmt":"2023-02-20T13:27:03","slug":"panda-adaptive-defense-360","status":"publish","type":"page","link":"https:\/\/vika.no\/?page_id=3233","title":{"rendered":"Panda Adaptive Defense 360"},"content":{"rendered":"<div id=\"pl-3233\"  class=\"panel-layout\" ><div id=\"pg-3233-0\"  class=\"panel-grid panel-has-style\" ><div class=\"siteorigin-panels-stretch panel-row-style panel-row-style-for-3233-0\" data-stretch-type=\"full\" ><div id=\"pgc-3233-0-0\"  class=\"panel-grid-cell\" ><div id=\"panel-3233-0-0-0\" class=\"so-panel widget widget_sow-image panel-first-child panel-last-child\" data-index=\"0\" ><div\n\t\t\t\n\t\t\tclass=\"so-widget-sow-image so-widget-sow-image-default-c67d20f9f743-3233\"\n\t\t\t\n\t\t>\n\n<div class=\"sow-image-container\">\n\t\t<img loading=\"lazy\" decoding=\"async\" src=\"https:\/\/vika.no\/wp-content\/uploads\/2023\/02\/Panda_A_WatchGuard_brand_Logo.png\" width=\"800\" height=\"224\" srcset=\"https:\/\/vika.no\/wp-content\/uploads\/2023\/02\/Panda_A_WatchGuard_brand_Logo.png 800w, https:\/\/vika.no\/wp-content\/uploads\/2023\/02\/Panda_A_WatchGuard_brand_Logo-300x84.png 300w, https:\/\/vika.no\/wp-content\/uploads\/2023\/02\/Panda_A_WatchGuard_brand_Logo-768x215.png 768w, https:\/\/vika.no\/wp-content\/uploads\/2023\/02\/Panda_A_WatchGuard_brand_Logo-246x69.png 246w\" sizes=\"(max-width: 800px) 100vw, 800px\" title=\"Panda &#8211; a WatchGuard brand\" alt=\"\" \t\tclass=\"so-widget-image\"\/>\n\t<\/div>\n\n<\/div><\/div><\/div><div id=\"pgc-3233-0-1\"  class=\"panel-grid-cell\" ><div id=\"panel-3233-0-1-0\" class=\"so-panel widget widget_text panel-first-child panel-last-child\" data-index=\"1\" >\t\t\t<div class=\"textwidget\"><p>Det finnes mange kjente s\u00e5rbarheter og utdaterte programvareversjoner som kan utnyttes. Ofte er disse s\u00e5rbarhetene p\u00e5 Internett &#8211; uten beskyttelse fra bedriftens interne sikkerhet. Enda verre, kan ansatte ubevisst gj\u00f8re det mulig for hackere \u00e5 finne veien inntil bedriftens endepunkter og nettverk.<\/p>\n<\/div>\n\t\t<\/div><\/div><\/div><\/div><div id=\"pg-3233-1\"  class=\"panel-grid panel-no-style\" ><div id=\"pgc-3233-1-0\"  class=\"panel-grid-cell\" ><div id=\"panel-3233-1-0-0\" class=\"so-panel widget widget_text panel-first-child\" data-index=\"2\" ><h3 class=\"widget-title\"><span class=\"widget-title__inline\">Tre grunner til \u00e5 velge Panda Adaptive Defense 360<\/span><\/h3>\t\t\t<div class=\"textwidget\"><ol>\n<li><strong>Zero Trust<\/strong> \u2013 Adaptive Defense 360 er en tjeneste som klassifiserer 100 % av alt som kj\u00f8rer p\u00e5 enhetene ved \u00e5 analysere alle mistenkelige og ukjente prosesser\/applikasjoner. Den bruker sAI-algoritmer i Panda sin sky-plattform, og verifiseres til og med av v\u00e5re sikkerhetseksperter ved behov. Som et resultat er alle kj\u00f8rbare filer enten godkjent eller bemerket som \u00abskadelig programvare\u00bb. Kunden trenger ikke foreta seg noe selv, da alt er helautomatisk.<\/li>\n<li><strong>Spar tid og ressurser<\/strong> &#8211; trusseljakt krever et sv\u00e6rt dyktig IT-team som m\u00e5 bruke mange timer f\u00f8r de oppdager trusselen, og finner en l\u00f8sning. Med Adaptive Defense 360 sin avansert l\u00f8sning, overv\u00e5ker sikkerhetsanalytikere kundens endepunktmilj\u00f8. Den informerer om potensielle p\u00e5g\u00e5ende angrep og kartlegger kilder. Den oppdager anomalier og relevante hendelser, og reduserer angrepsflaten.<\/li>\n<li><strong>Sky-plattform<\/strong> &#8211; Med Adaptive Defense 360 sin sky-plattform er det enkelt \u00e5 distribuere, konfigurere og administrere endepunktsikkerhet. Den gir umiddelbar beskyttelse og kommunikasjon med endepunktene.<\/li>\n<\/ol>\n<\/div>\n\t\t<\/div><div id=\"panel-3233-1-0-1\" class=\"so-panel widget widget_sow-features\" data-index=\"3\" ><div\n\t\t\t\n\t\t\tclass=\"so-widget-sow-features so-widget-sow-features-default-9a6f79ced42a-3233\"\n\t\t\t\n\t\t>\n<div class=\"sow-features-list sow-features-responsive\">\n\n\t\t\t\t\t\t\t\t\t<div\n\t\t\t\tclass=\"sow-features-feature sow-icon-container-position-top\"\n\t\t\t\tstyle=\"display: flex; flex-direction: column; width: calc(33.333% - 25px);\"\n\t\t\t>\n\t\t\t\n\t\t\t\t\t\t\t\t<div\n\t\t\t\t\tclass=\"sow-icon-container sow-container-none\"\n\t\t\t\t\tstyle=\"color: #404040; \"\n\t\t\t\t\t\t\t\t\t>\n\t\t\t\t\t<span class=\"sow-icon-fontawesome sow-fas\" data-sow-icon=\"&#xe4e5;\"\n\t\tstyle=\"font-size: 60px; color: #018099\" \n\t\taria-hidden=\"true\"><\/span>\t\t\t\t<\/div>\n\t\t\t\t\n\t\t\t\t<div class=\"textwidget\">\n\t\t\t\t\t\n\t\t\t\t\t\t\t\t\t\t\t<h5>\n\t\t\t\t\t\t\t\n\t\t\t\t\t\t\tKontinuerlig overv\u00e5kning av prosesser p\u00e5 bedriftens arbeidsstasjoner og servere.\t\t\t\t\t\t\t\t\t\t\t\t\t<\/h5>\n\t\t\t\t\t\n\t\t\t\t\t\n\t\t\t\t\t\t\t\t\t<\/div>\n\t\t\t\t\t\t\t\t\n\t\t\t\t\t\t\t<\/div>\n\n\t\t\t\t\t\t\t\t<div\n\t\t\t\tclass=\"sow-features-feature sow-icon-container-position-top\"\n\t\t\t\tstyle=\"display: flex; flex-direction: column; width: calc(33.333% - 25px);\"\n\t\t\t>\n\t\t\t\n\t\t\t\t\t\t\t\t<div\n\t\t\t\t\tclass=\"sow-icon-container sow-container-none\"\n\t\t\t\t\tstyle=\"color: #404040; \"\n\t\t\t\t\t\t\t\t\t>\n\t\t\t\t\t<span class=\"sow-icon-fontawesome sow-fas\" data-sow-icon=\"&#xf5dc;\"\n\t\tstyle=\"font-size: 60px; color: #018099\" \n\t\taria-hidden=\"true\"><\/span>\t\t\t\t<\/div>\n\t\t\t\t\n\t\t\t\t<div class=\"textwidget\">\n\t\t\t\t\t\n\t\t\t\t\t\t\t\t\t\t\t<h5>\n\t\t\t\t\t\t\t\n\t\t\t\t\t\t\tAutomatisk klassifisering ved bruk av AI\t\t\t\t\t\t\t\t\t\t\t\t\t<\/h5>\n\t\t\t\t\t\n\t\t\t\t\t\n\t\t\t\t\t\t\t\t\t<\/div>\n\t\t\t\t\t\t\t\t\n\t\t\t\t\t\t\t<\/div>\n\n\t\t\t\t\t\t\t\t<div\n\t\t\t\tclass=\"sow-features-feature sow-icon-container-position-top\"\n\t\t\t\tstyle=\"display: flex; flex-direction: column; width: calc(33.333% - 25px);\"\n\t\t\t>\n\t\t\t\n\t\t\t\t\t\t\t\t<div\n\t\t\t\t\tclass=\"sow-icon-container sow-container-none\"\n\t\t\t\t\tstyle=\"color: #404040; \"\n\t\t\t\t\t\t\t\t\t>\n\t\t\t\t\t<span class=\"sow-icon-fontawesome sow-fas\" data-sow-icon=\"&#xf4fc;\"\n\t\tstyle=\"font-size: 60px; color: #018099\" \n\t\taria-hidden=\"true\"><\/span>\t\t\t\t<\/div>\n\t\t\t\t\n\t\t\t\t<div class=\"textwidget\">\n\t\t\t\t\t\n\t\t\t\t\t\t\t\t\t\t\t<h5>\n\t\t\t\t\t\t\t\n\t\t\t\t\t\t\tSikkerhetseksperter klassifiserer alle prosesser som ikke kan klassifiseres av AI\t\t\t\t\t\t\t\t\t\t\t\t\t<\/h5>\n\t\t\t\t\t\n\t\t\t\t\t\n\t\t\t\t\t\t\t\t\t<\/div>\n\t\t\t\t\t\t\t\t\n\t\t\t\t\t\t\t<\/div>\n\n\t\t\t\n<\/div>\n<\/div><\/div><div id=\"panel-3233-1-0-2\" class=\"so-panel widget widget_sow-slider\" data-index=\"4\" ><div\n\t\t\t\n\t\t\tclass=\"so-widget-sow-slider so-widget-sow-slider-default-6d39609536fd-3233\"\n\t\t\t\n\t\t>\t\t\t\t<div class=\"sow-slider-base\" style=\"display: none\" tabindex=\"0\">\n\t\t\t\t\t<ul\n\t\t\t\t\tclass=\"sow-slider-images\"\n\t\t\t\t\tdata-settings=\"{&quot;pagination&quot;:true,&quot;speed&quot;:800,&quot;timeout&quot;:6000,&quot;paused&quot;:false,&quot;pause_on_hover&quot;:false,&quot;swipe&quot;:true,&quot;nav_always_show_desktop&quot;:&quot;&quot;,&quot;nav_always_show_mobile&quot;:&quot;&quot;,&quot;breakpoint&quot;:&quot;780px&quot;,&quot;unmute&quot;:false,&quot;anchor&quot;:null}\"\n\t\t\t\t\t\t\t\t\t\tdata-anchor-id=\"\"\n\t\t\t\t>\t\t<li class=\"sow-slider-image\" style=\"visibility: visible;\" >\n\t\t\t\t\t\t<div class=\"sow-slider-image-container\">\n\t\t\t\t<div class=\"sow-slider-image-wrapper\" style=\"max-width: 800px\">\n\t\t\t\t\t\t\t\t\t\t<div class=\"sow-slider-image-foreground-wrapper\">\n\t\t\t\t\t\t<img loading=\"lazy\" decoding=\"async\" width=\"800\" height=\"510\" src=\"https:\/\/vika.no\/wp-content\/uploads\/2023\/02\/AD-Screenshot-360_800px.png\" class=\"sow-slider-foreground-image\" alt=\"\" style=\"\" srcset=\"https:\/\/vika.no\/wp-content\/uploads\/2023\/02\/AD-Screenshot-360_800px.png 800w, https:\/\/vika.no\/wp-content\/uploads\/2023\/02\/AD-Screenshot-360_800px-300x191.png 300w, https:\/\/vika.no\/wp-content\/uploads\/2023\/02\/AD-Screenshot-360_800px-768x490.png 768w, https:\/\/vika.no\/wp-content\/uploads\/2023\/02\/AD-Screenshot-360_800px-246x157.png 246w\" sizes=\"(max-width: 800px) 100vw, 800px\" \/>\t\t\t\t\t<\/div>\n\t\t\t\t\t\t\t\t\t<\/div>\n\t\t\t<\/div>\n\t\t\t\t\t<\/li>\n\t\t\t\t<li class=\"sow-slider-image\" style=\"visibility: hidden;\" >\n\t\t\t\t\t\t<div class=\"sow-slider-image-container\">\n\t\t\t\t<div class=\"sow-slider-image-wrapper\" style=\"max-width: 800px\">\n\t\t\t\t\t\t\t\t\t\t<div class=\"sow-slider-image-foreground-wrapper\">\n\t\t\t\t\t\t<img loading=\"lazy\" decoding=\"async\" width=\"800\" height=\"510\" src=\"https:\/\/vika.no\/wp-content\/uploads\/2023\/02\/AD_Screen_800px.png\" class=\"sow-slider-foreground-image\" alt=\"\" style=\"\" srcset=\"https:\/\/vika.no\/wp-content\/uploads\/2023\/02\/AD_Screen_800px.png 800w, https:\/\/vika.no\/wp-content\/uploads\/2023\/02\/AD_Screen_800px-300x191.png 300w, https:\/\/vika.no\/wp-content\/uploads\/2023\/02\/AD_Screen_800px-768x490.png 768w, https:\/\/vika.no\/wp-content\/uploads\/2023\/02\/AD_Screen_800px-246x157.png 246w\" sizes=\"(max-width: 800px) 100vw, 800px\" \/>\t\t\t\t\t<\/div>\n\t\t\t\t\t\t\t\t\t<\/div>\n\t\t\t<\/div>\n\t\t\t\t\t<\/li>\n\t\t<\/ul>\t\t\t\t<ol class=\"sow-slider-pagination\">\n\t\t\t\t\t\t\t\t\t\t\t<li><a href=\"#\" data-goto=\"0\" aria-label=\"display slide 1\"><\/a><\/li>\n\t\t\t\t\t\t\t\t\t\t\t<li><a href=\"#\" data-goto=\"1\" aria-label=\"display slide 2\"><\/a><\/li>\n\t\t\t\t\t\t\t\t\t<\/ol>\n\n\t\t\t\t<div class=\"sow-slide-nav sow-slide-nav-next\">\n\t\t\t\t\t<a href=\"#\" data-goto=\"next\" aria-label=\"next slide\" data-action=\"next\">\n\t\t\t\t\t\t<em class=\"sow-sld-icon-thin-right\"><\/em>\n\t\t\t\t\t<\/a>\n\t\t\t\t<\/div>\n\n\t\t\t\t<div class=\"sow-slide-nav sow-slide-nav-prev\">\n\t\t\t\t\t<a href=\"#\" data-goto=\"previous\" aria-label=\"previous slide\" data-action=\"prev\">\n\t\t\t\t\t\t<em class=\"sow-sld-icon-thin-left\"><\/em>\n\t\t\t\t\t<\/a>\n\t\t\t\t<\/div>\n\t\t\t\t<\/div><\/div><\/div><div id=\"panel-3233-1-0-3\" class=\"so-panel widget widget_pw_call_to_action widget-call-to-action panel-last-child\" data-index=\"5\" >\t\t\t\t<div class=\"call-to-action\">\n\t\t\t\t\t<div class=\"call-to-action__text\">\n\t\t\t\t\t\t<div class=\"call-to-action__title\">\n\t\t\t\t\t\t\t\t\t\t\t\t\t<\/div>\n\t\t\t\t\t\t<div class=\"call-to-action__subtitle\">\n\t\t\t\t\t\t\t\t\t\t\t\t\t<\/div>\n\t\t\t\t\t<\/div>\n\t\t\t\t\t<div class=\"call-to-action__button\">\n\t\t\t\t\t\t<a class=\"btn    btn-primary\" href=\"https:\/\/www.vika.no\/?page_id=503\" target=\"_self\">KONTAKT OSS<\/a>\t\t\t\t\t<\/div>\n\t\t\t\t<\/div>\n\t\t\t<\/div><\/div><\/div><\/div>","protected":false},"excerpt":{"rendered":"<p>Endepunkts-sikkerhet fra Panda<\/p>\n","protected":false},"author":1,"featured_media":3262,"parent":1201,"menu_order":10,"comment_status":"closed","ping_status":"closed","template":"","meta":{"_acf_changed":false,"footnotes":""},"acf":[],"yoast_head":"<!-- This site is optimized with the Yoast SEO plugin v22.9 - https:\/\/yoast.com\/wordpress\/plugins\/seo\/ -->\n<title>Panda Adaptive Defense 360 - Vika AS<\/title>\n<meta name=\"robots\" content=\"index, follow, max-snippet:-1, max-image-preview:large, max-video-preview:-1\" \/>\n<link rel=\"canonical\" href=\"https:\/\/vika.no\/?page_id=3233\" \/>\n<meta property=\"og:locale\" content=\"nb_NO\" \/>\n<meta property=\"og:type\" content=\"article\" \/>\n<meta property=\"og:title\" content=\"Panda Adaptive Defense 360 - Vika AS\" \/>\n<meta property=\"og:description\" content=\"Endepunkts-sikkerhet fra Panda\" \/>\n<meta property=\"og:url\" content=\"https:\/\/vika.no\/?page_id=3233\" \/>\n<meta property=\"og:site_name\" content=\"Vika AS\" \/>\n<meta property=\"article:modified_time\" content=\"2023-02-20T13:27:03+00:00\" \/>\n<meta property=\"og:image\" content=\"https:\/\/vika.no\/wp-content\/uploads\/2023\/02\/Panda_A_WatchGuard_brand_Logo.png\" \/>\n\t<meta property=\"og:image:width\" content=\"800\" \/>\n\t<meta property=\"og:image:height\" content=\"224\" \/>\n\t<meta property=\"og:image:type\" content=\"image\/png\" \/>\n<meta name=\"twitter:card\" content=\"summary_large_image\" \/>\n<meta name=\"twitter:label1\" content=\"Ansl. lesetid\" \/>\n\t<meta name=\"twitter:data1\" content=\"2 minutter\" \/>\n<script type=\"application\/ld+json\" class=\"yoast-schema-graph\">{\"@context\":\"https:\/\/schema.org\",\"@graph\":[{\"@type\":\"WebPage\",\"@id\":\"https:\/\/vika.no\/?page_id=3233\",\"url\":\"https:\/\/vika.no\/?page_id=3233\",\"name\":\"Panda Adaptive Defense 360 - Vika AS\",\"isPartOf\":{\"@id\":\"https:\/\/vika.no\/#website\"},\"primaryImageOfPage\":{\"@id\":\"https:\/\/vika.no\/?page_id=3233#primaryimage\"},\"image\":{\"@id\":\"https:\/\/vika.no\/?page_id=3233#primaryimage\"},\"thumbnailUrl\":\"https:\/\/vika.no\/wp-content\/uploads\/2023\/02\/Panda_A_WatchGuard_brand_Logo.png\",\"datePublished\":\"2023-02-20T12:41:04+00:00\",\"dateModified\":\"2023-02-20T13:27:03+00:00\",\"breadcrumb\":{\"@id\":\"https:\/\/vika.no\/?page_id=3233#breadcrumb\"},\"inLanguage\":\"nb-NO\",\"potentialAction\":[{\"@type\":\"ReadAction\",\"target\":[\"https:\/\/vika.no\/?page_id=3233\"]}]},{\"@type\":\"ImageObject\",\"inLanguage\":\"nb-NO\",\"@id\":\"https:\/\/vika.no\/?page_id=3233#primaryimage\",\"url\":\"https:\/\/vika.no\/wp-content\/uploads\/2023\/02\/Panda_A_WatchGuard_brand_Logo.png\",\"contentUrl\":\"https:\/\/vika.no\/wp-content\/uploads\/2023\/02\/Panda_A_WatchGuard_brand_Logo.png\",\"width\":800,\"height\":224},{\"@type\":\"BreadcrumbList\",\"@id\":\"https:\/\/vika.no\/?page_id=3233#breadcrumb\",\"itemListElement\":[{\"@type\":\"ListItem\",\"position\":1,\"name\":\"Home\",\"item\":\"https:\/\/vika.no\/\"},{\"@type\":\"ListItem\",\"position\":2,\"name\":\"Sikkerhet\",\"item\":\"https:\/\/vika.no\/?page_id=1201\"},{\"@type\":\"ListItem\",\"position\":3,\"name\":\"Panda Adaptive Defense 360\"}]},{\"@type\":\"WebSite\",\"@id\":\"https:\/\/vika.no\/#website\",\"url\":\"https:\/\/vika.no\/\",\"name\":\"Vika AS\",\"description\":\"Lokal leverand\u00f8r av globale IT-tjenester\",\"potentialAction\":[{\"@type\":\"SearchAction\",\"target\":{\"@type\":\"EntryPoint\",\"urlTemplate\":\"https:\/\/vika.no\/?s={search_term_string}\"},\"query-input\":\"required name=search_term_string\"}],\"inLanguage\":\"nb-NO\"}]}<\/script>\n<!-- \/ Yoast SEO plugin. -->","yoast_head_json":{"title":"Panda Adaptive Defense 360 - Vika AS","robots":{"index":"index","follow":"follow","max-snippet":"max-snippet:-1","max-image-preview":"max-image-preview:large","max-video-preview":"max-video-preview:-1"},"canonical":"https:\/\/vika.no\/?page_id=3233","og_locale":"nb_NO","og_type":"article","og_title":"Panda Adaptive Defense 360 - Vika AS","og_description":"Endepunkts-sikkerhet fra Panda","og_url":"https:\/\/vika.no\/?page_id=3233","og_site_name":"Vika AS","article_modified_time":"2023-02-20T13:27:03+00:00","og_image":[{"width":800,"height":224,"url":"https:\/\/vika.no\/wp-content\/uploads\/2023\/02\/Panda_A_WatchGuard_brand_Logo.png","type":"image\/png"}],"twitter_card":"summary_large_image","twitter_misc":{"Ansl. lesetid":"2 minutter"},"schema":{"@context":"https:\/\/schema.org","@graph":[{"@type":"WebPage","@id":"https:\/\/vika.no\/?page_id=3233","url":"https:\/\/vika.no\/?page_id=3233","name":"Panda Adaptive Defense 360 - Vika AS","isPartOf":{"@id":"https:\/\/vika.no\/#website"},"primaryImageOfPage":{"@id":"https:\/\/vika.no\/?page_id=3233#primaryimage"},"image":{"@id":"https:\/\/vika.no\/?page_id=3233#primaryimage"},"thumbnailUrl":"https:\/\/vika.no\/wp-content\/uploads\/2023\/02\/Panda_A_WatchGuard_brand_Logo.png","datePublished":"2023-02-20T12:41:04+00:00","dateModified":"2023-02-20T13:27:03+00:00","breadcrumb":{"@id":"https:\/\/vika.no\/?page_id=3233#breadcrumb"},"inLanguage":"nb-NO","potentialAction":[{"@type":"ReadAction","target":["https:\/\/vika.no\/?page_id=3233"]}]},{"@type":"ImageObject","inLanguage":"nb-NO","@id":"https:\/\/vika.no\/?page_id=3233#primaryimage","url":"https:\/\/vika.no\/wp-content\/uploads\/2023\/02\/Panda_A_WatchGuard_brand_Logo.png","contentUrl":"https:\/\/vika.no\/wp-content\/uploads\/2023\/02\/Panda_A_WatchGuard_brand_Logo.png","width":800,"height":224},{"@type":"BreadcrumbList","@id":"https:\/\/vika.no\/?page_id=3233#breadcrumb","itemListElement":[{"@type":"ListItem","position":1,"name":"Home","item":"https:\/\/vika.no\/"},{"@type":"ListItem","position":2,"name":"Sikkerhet","item":"https:\/\/vika.no\/?page_id=1201"},{"@type":"ListItem","position":3,"name":"Panda Adaptive Defense 360"}]},{"@type":"WebSite","@id":"https:\/\/vika.no\/#website","url":"https:\/\/vika.no\/","name":"Vika AS","description":"Lokal leverand\u00f8r av globale IT-tjenester","potentialAction":[{"@type":"SearchAction","target":{"@type":"EntryPoint","urlTemplate":"https:\/\/vika.no\/?s={search_term_string}"},"query-input":"required name=search_term_string"}],"inLanguage":"nb-NO"}]}},"_links":{"self":[{"href":"https:\/\/vika.no\/index.php?rest_route=\/wp\/v2\/pages\/3233"}],"collection":[{"href":"https:\/\/vika.no\/index.php?rest_route=\/wp\/v2\/pages"}],"about":[{"href":"https:\/\/vika.no\/index.php?rest_route=\/wp\/v2\/types\/page"}],"author":[{"embeddable":true,"href":"https:\/\/vika.no\/index.php?rest_route=\/wp\/v2\/users\/1"}],"replies":[{"embeddable":true,"href":"https:\/\/vika.no\/index.php?rest_route=%2Fwp%2Fv2%2Fcomments&post=3233"}],"version-history":[{"count":83,"href":"https:\/\/vika.no\/index.php?rest_route=\/wp\/v2\/pages\/3233\/revisions"}],"predecessor-version":[{"id":3362,"href":"https:\/\/vika.no\/index.php?rest_route=\/wp\/v2\/pages\/3233\/revisions\/3362"}],"up":[{"embeddable":true,"href":"https:\/\/vika.no\/index.php?rest_route=\/wp\/v2\/pages\/1201"}],"wp:featuredmedia":[{"embeddable":true,"href":"https:\/\/vika.no\/index.php?rest_route=\/wp\/v2\/media\/3262"}],"wp:attachment":[{"href":"https:\/\/vika.no\/index.php?rest_route=%2Fwp%2Fv2%2Fmedia&parent=3233"}],"curies":[{"name":"wp","href":"https:\/\/api.w.org\/{rel}","templated":true}]}}