{"id":501,"date":"2015-08-27T11:31:45","date_gmt":"2015-08-27T11:31:45","guid":{"rendered":"http:\/\/xml-io.proteusthemes.com\/repairpress\/?page_id=5"},"modified":"2018-04-05T13:32:04","modified_gmt":"2018-04-05T11:32:04","slug":"our-services","status":"publish","type":"page","link":"https:\/\/vika.no\/?page_id=501","title":{"rendered":"IT Driftstjenester"},"content":{"rendered":"<div id=\"pl-501\"  class=\"panel-layout\" ><div id=\"pg-501-0\"  class=\"panel-grid panel-no-style\" ><div id=\"pgc-501-0-0\"  class=\"panel-grid-cell\" ><div id=\"panel-501-0-0-0\" class=\"so-panel widget widget_pw_featured_page widget-featured-page panel-first-child panel-last-child\" data-index=\"0\" >\n\t<div class=\"page-box  page-box--block\">\n\t\t\t\t\t\t\t\t\t<a class=\"page-box__picture\" href=\"https:\/\/vika.no\/?page_id=1377\">\n\t\t\t\t\t<img loading=\"lazy\" decoding=\"async\" src=\"https:\/\/vika.no\/wp-content\/uploads\/2018\/03\/SideBilde3-360x240.jpg\" width=\"360\" height=\"240\" srcset=\"https:\/\/vika.no\/wp-content\/uploads\/2018\/03\/SideBilde3-360x240.jpg 360w, https:\/\/vika.no\/wp-content\/uploads\/2018\/03\/SideBilde3.jpg 720w\" sizes=\"(min-width: 992px) 360px, calc(100vw - 30px)\" class=\"wp-post-image\" alt=\"Salg og service\">\n\t\t\t\t<\/a>\n\t\t\t\t\t\t\t<div class=\"page-box__content\">\n\t\t\t<h5 class=\"page-box__title text-uppercase\"><a href=\"https:\/\/vika.no\/?page_id=1377\">Salg og service<\/a><\/h5>\n\t\t\t<p><img decoding=\"async\" src=\"\" \/>\t\t\tMaskinvare\nVika leverer prim\u00e6rt maskinvare fra Dell&#8217;s produktportef\u00f8lje som vi har god erfaring med. Dell sine produkter oppleves som solide og stabile &hellip;<\/p>\n\t\t\t\t\t\t\t<p><a href=\"https:\/\/vika.no\/?page_id=1377\" class=\"read-more  read-more--page-box\">Les mer<\/a><\/p>\n\t\t\t\t\t<\/div>\n\t<\/div>\n\n<\/div><\/div><div id=\"pgc-501-0-1\"  class=\"panel-grid-cell\" ><div id=\"panel-501-0-1-0\" class=\"so-panel widget widget_pw_featured_page widget-featured-page panel-first-child panel-last-child\" data-index=\"1\" >\n\t<div class=\"page-box  page-box--block\">\n\t\t\t\t\t\t\t\t\t<a class=\"page-box__picture\" href=\"https:\/\/vika.no\/?page_id=1173\">\n\t\t\t\t\t<img loading=\"lazy\" decoding=\"async\" src=\"https:\/\/vika.no\/wp-content\/uploads\/2018\/03\/SideBilde5-360x240.jpg\" width=\"360\" height=\"240\" srcset=\"https:\/\/vika.no\/wp-content\/uploads\/2018\/03\/SideBilde5-360x240.jpg 360w, https:\/\/vika.no\/wp-content\/uploads\/2018\/03\/SideBilde5.jpg 720w\" sizes=\"(min-width: 992px) 360px, calc(100vw - 30px)\" class=\"wp-post-image\" alt=\"Driftsavtale\">\n\t\t\t\t<\/a>\n\t\t\t\t\t\t\t<div class=\"page-box__content\">\n\t\t\t<h5 class=\"page-box__title text-uppercase\"><a href=\"https:\/\/vika.no\/?page_id=1173\">Driftsavtale<\/a><\/h5>\n\t\t\t<p><div\n\t\t\t\n\t\t\tclass=\"so-widget-sow-image so-widget-sow-image-default-8b5b6f678277\"\n\t\t\t\n\t\t>\n\n<div class=\"sow-image-container\">\n\t\t<img title=\"IT Driftstjenester\" alt=\"\" \t\tclass=\"so-widget-image\"\/>\n\t<\/div>\n\n<\/div>\t\t\tDriftsavtaler\nVed \u00e5 tilby driftsavtale med \u00f8nsket responstid, gir vi kundene muligheten til \u00e5 bestemme selv hvor viktig driften er.\nVi skreddersyr en avtale &hellip;<\/p>\n\t\t\t\t\t\t\t<p><a href=\"https:\/\/vika.no\/?page_id=1173\" class=\"read-more  read-more--page-box\">Les mer<\/a><\/p>\n\t\t\t\t\t<\/div>\n\t<\/div>\n\n<\/div><\/div><div id=\"pgc-501-0-2\"  class=\"panel-grid-cell\" ><div id=\"panel-501-0-2-0\" class=\"so-panel widget widget_pw_featured_page widget-featured-page panel-first-child panel-last-child\" data-index=\"2\" >\n\t<div class=\"page-box  page-box--block\">\n\t\t\t\t\t\t\t\t\t<a class=\"page-box__picture\" href=\"https:\/\/vika.no\/?page_id=1462\">\n\t\t\t\t\t<img loading=\"lazy\" decoding=\"async\" src=\"https:\/\/vika.no\/wp-content\/uploads\/2018\/03\/SideBilde6-360x240.jpg\" width=\"360\" height=\"240\" srcset=\"https:\/\/vika.no\/wp-content\/uploads\/2018\/03\/SideBilde6-360x240.jpg 360w, https:\/\/vika.no\/wp-content\/uploads\/2018\/03\/SideBilde6.jpg 720w\" sizes=\"(min-width: 992px) 360px, calc(100vw - 30px)\" class=\"wp-post-image\" alt=\"Helsetjenester\">\n\t\t\t\t<\/a>\n\t\t\t\t\t\t\t<div class=\"page-box__content\">\n\t\t\t<h5 class=\"page-box__title text-uppercase\"><a href=\"https:\/\/vika.no\/?page_id=1462\">Helsetjenester<\/a><\/h5>\n\t\t\t<p><img decoding=\"async\" src=\"\" \/>\t\t\tSentral og lokal drift av journalsystemer\nV\u00e5re kunder benytter seg av mange forskjellige journalsystemer og vi kan derfor tilby bred erfaring og kompetanse rundt &hellip;<\/p>\n\t\t\t\t\t\t\t<p><a href=\"https:\/\/vika.no\/?page_id=1462\" class=\"read-more  read-more--page-box\">Les mer<\/a><\/p>\n\t\t\t\t\t<\/div>\n\t<\/div>\n\n<\/div><\/div><\/div><div id=\"pg-501-1\"  class=\"panel-grid panel-no-style\" ><div id=\"pgc-501-1-0\"  class=\"panel-grid-cell\" ><div id=\"panel-501-1-0-0\" class=\"so-panel widget widget_pw_featured_page widget-featured-page panel-first-child panel-last-child\" data-index=\"3\" >\n\t<div class=\"page-box  page-box--block\">\n\t\t\t\t\t\t\t\t\t<a class=\"page-box__picture\" href=\"https:\/\/vika.no\/?page_id=1192\">\n\t\t\t\t\t<img loading=\"lazy\" decoding=\"async\" src=\"https:\/\/vika.no\/wp-content\/uploads\/2018\/03\/SideBilde4-360x240.jpg\" width=\"360\" height=\"240\" srcset=\"https:\/\/vika.no\/wp-content\/uploads\/2018\/03\/SideBilde4-360x240.jpg 360w, https:\/\/vika.no\/wp-content\/uploads\/2018\/03\/SideBilde4.jpg 720w\" sizes=\"(min-width: 992px) 360px, calc(100vw - 30px)\" class=\"wp-post-image\" alt=\"Domene - Webhosting\">\n\t\t\t\t<\/a>\n\t\t\t\t\t\t\t<div class=\"page-box__content\">\n\t\t\t<h5 class=\"page-box__title text-uppercase\"><a href=\"https:\/\/vika.no\/?page_id=1192\">Domene - Webhosting<\/a><\/h5>\n\t\t\t<p>\n\t\t\t<div class=\"icon-box\">\n\t\n\t\t<i class=\"fa    fa-3x\"><\/i>\n\t\t<div class=\"icon-box__text\">\n\t\t\t<h4 class=\"icon-box__title\"><\/h4>\n\t\t\t<span class=\"icon-box__subtitle\"><\/span>\n\t\t<\/div>\n\n\t\t\t<\/div>\n\t\nDomene, web og e-post\t\t\tDomener har blitt en selvf\u00f8lgelighet for alle bedrifter som en profilering p\u00e5 internett, hvor e-post og nettsider har blitt en popul\u00e6r teknikk for markedsf\u00f8ring. &hellip;<\/p>\n\t\t\t\t\t\t\t<p><a href=\"https:\/\/vika.no\/?page_id=1192\" class=\"read-more  read-more--page-box\">Les mer<\/a><\/p>\n\t\t\t\t\t<\/div>\n\t<\/div>\n\n<\/div><\/div><div id=\"pgc-501-1-1\"  class=\"panel-grid-cell\" ><div id=\"panel-501-1-1-0\" class=\"so-panel widget widget_pw_featured_page widget-featured-page panel-first-child panel-last-child\" data-index=\"4\" >\n\t<div class=\"page-box  page-box--block\">\n\t\t\t\t\t\t\t\t\t<a class=\"page-box__picture\" href=\"https:\/\/vika.no\/?page_id=1201\">\n\t\t\t\t\t<img loading=\"lazy\" decoding=\"async\" src=\"https:\/\/vika.no\/wp-content\/uploads\/2018\/03\/SideBilde2-360x240.jpg\" width=\"360\" height=\"240\" srcset=\"https:\/\/vika.no\/wp-content\/uploads\/2018\/03\/SideBilde2-360x240.jpg 360w, https:\/\/vika.no\/wp-content\/uploads\/2018\/03\/SideBilde2.jpg 720w\" sizes=\"(min-width: 992px) 360px, calc(100vw - 30px)\" class=\"wp-post-image\" alt=\"Sikkerhet\">\n\t\t\t\t<\/a>\n\t\t\t\t\t\t\t<div class=\"page-box__content\">\n\t\t\t<h5 class=\"page-box__title text-uppercase\"><a href=\"https:\/\/vika.no\/?page_id=1201\">Sikkerhet<\/a><\/h5>\n\t\t\t<p><img decoding=\"async\" src=\"\" \/>\t\t\tSikkerhet\nGjennom flere \u00e5rs erfaring har vi innf\u00f8rt strenge sikkerhetsrutiner for v\u00e5re kunder. Vi leverer l\u00f8sninger fra verdensledende akt\u00f8rer innen brannmur &hellip;<\/p>\n\t\t\t\t\t\t\t<p><a href=\"https:\/\/vika.no\/?page_id=1201\" class=\"read-more  read-more--page-box\">Les mer<\/a><\/p>\n\t\t\t\t\t<\/div>\n\t<\/div>\n\n<\/div><\/div><div id=\"pgc-501-1-2\"  class=\"panel-grid-cell\" ><div id=\"panel-501-1-2-0\" class=\"so-panel widget widget_pw_featured_page widget-featured-page panel-first-child panel-last-child\" data-index=\"5\" >\n\t<div class=\"page-box  page-box--block\">\n\t\t\t\t\t\t\t\t\t<a class=\"page-box__picture\" href=\"https:\/\/vika.no\/?page_id=198\">\n\t\t\t\t\t<img loading=\"lazy\" decoding=\"async\" src=\"https:\/\/vika.no\/wp-content\/uploads\/2018\/03\/SideBilde1-360x240.jpg\" width=\"360\" height=\"240\" srcset=\"https:\/\/vika.no\/wp-content\/uploads\/2018\/03\/SideBilde1-360x240.jpg 360w, https:\/\/vika.no\/wp-content\/uploads\/2018\/03\/SideBilde1.jpg 720w\" sizes=\"(min-width: 992px) 360px, calc(100vw - 30px)\" class=\"wp-post-image\" alt=\"Skytjenester\">\n\t\t\t\t<\/a>\n\t\t\t\t\t\t\t<div class=\"page-box__content\">\n\t\t\t<h5 class=\"page-box__title text-uppercase\"><a href=\"https:\/\/vika.no\/?page_id=198\">Skytjenester<\/a><\/h5>\n\t\t\t<p><div\n\t\t\t\n\t\t\tclass=\"so-widget-sow-image so-widget-sow-image-default-8b5b6f678277\"\n\t\t\t\n\t\t>\n\n<div class=\"sow-image-container\">\n\t\t<img title=\"IT Driftstjenester\" alt=\"\" \t\tclass=\"so-widget-image\"\/>\n\t<\/div>\n\n<\/div>\t\t\tSentral drift av server og applikasjoner\nVi gir kundene v\u00e5re muligheten til \u00e5 ha driftsutstyret st\u00e5ende hos oss. Dette passer godt for mindre bedrifter og\/eller &hellip;<\/p>\n\t\t\t\t\t\t\t<p><a href=\"https:\/\/vika.no\/?page_id=198\" class=\"read-more  read-more--page-box\">Les mer<\/a><\/p>\n\t\t\t\t\t<\/div>\n\t<\/div>\n\n<\/div><\/div><\/div><\/div>","protected":false},"excerpt":{"rendered":"<p>Salg og service Maskinvare Vika leverer prim\u00e6rt maskinvare fra Dell&#8217;s produktportef\u00f8lje som vi har god erfaring med. Dell sine produkter oppleves som solide og stabile &hellip; Les mer Driftsavtale Driftsavtaler Ved \u00e5 tilby driftsavtale med \u00f8nsket responstid, gir vi kundene muligheten til \u00e5 bestemme selv hvor viktig driften er. Vi skreddersyr en avtale &hellip; Les &hellip;<\/p>\n","protected":false},"author":1,"featured_media":0,"parent":0,"menu_order":0,"comment_status":"closed","ping_status":"closed","template":"","meta":{"_acf_changed":false,"footnotes":""},"acf":[],"yoast_head":"<!-- This site is optimized with the Yoast SEO plugin v22.9 - https:\/\/yoast.com\/wordpress\/plugins\/seo\/ -->\n<title>IT Driftstjenester - Vika AS<\/title>\n<meta name=\"robots\" content=\"index, follow, max-snippet:-1, max-image-preview:large, max-video-preview:-1\" \/>\n<link rel=\"canonical\" href=\"https:\/\/vika.no\/?page_id=501\" \/>\n<meta property=\"og:locale\" content=\"nb_NO\" \/>\n<meta property=\"og:type\" content=\"article\" \/>\n<meta property=\"og:title\" content=\"IT Driftstjenester - Vika AS\" \/>\n<meta property=\"og:description\" content=\"Salg og service Maskinvare Vika leverer prim\u00e6rt maskinvare fra Dell&#8217;s produktportef\u00f8lje som vi har god erfaring med. Dell sine produkter oppleves som solide og stabile &hellip; Les mer Driftsavtale Driftsavtaler Ved \u00e5 tilby driftsavtale med \u00f8nsket responstid, gir vi kundene muligheten til \u00e5 bestemme selv hvor viktig driften er. Vi skreddersyr en avtale &hellip; Les &hellip;\" \/>\n<meta property=\"og:url\" content=\"https:\/\/vika.no\/?page_id=501\" \/>\n<meta property=\"og:site_name\" content=\"Vika AS\" \/>\n<meta property=\"article:modified_time\" content=\"2018-04-05T11:32:04+00:00\" \/>\n<meta name=\"twitter:card\" content=\"summary_large_image\" \/>\n<meta name=\"twitter:label1\" content=\"Ansl. lesetid\" \/>\n\t<meta name=\"twitter:data1\" content=\"1 minutt\" \/>\n<script type=\"application\/ld+json\" class=\"yoast-schema-graph\">{\"@context\":\"https:\/\/schema.org\",\"@graph\":[{\"@type\":\"WebPage\",\"@id\":\"https:\/\/vika.no\/?page_id=501\",\"url\":\"https:\/\/vika.no\/?page_id=501\",\"name\":\"IT Driftstjenester - Vika AS\",\"isPartOf\":{\"@id\":\"https:\/\/vika.no\/#website\"},\"datePublished\":\"2015-08-27T11:31:45+00:00\",\"dateModified\":\"2018-04-05T11:32:04+00:00\",\"breadcrumb\":{\"@id\":\"https:\/\/vika.no\/?page_id=501#breadcrumb\"},\"inLanguage\":\"nb-NO\",\"potentialAction\":[{\"@type\":\"ReadAction\",\"target\":[\"https:\/\/vika.no\/?page_id=501\"]}]},{\"@type\":\"BreadcrumbList\",\"@id\":\"https:\/\/vika.no\/?page_id=501#breadcrumb\",\"itemListElement\":[{\"@type\":\"ListItem\",\"position\":1,\"name\":\"Home\",\"item\":\"https:\/\/vika.no\/\"},{\"@type\":\"ListItem\",\"position\":2,\"name\":\"IT Driftstjenester\"}]},{\"@type\":\"WebSite\",\"@id\":\"https:\/\/vika.no\/#website\",\"url\":\"https:\/\/vika.no\/\",\"name\":\"Vika AS\",\"description\":\"Lokal leverand\u00f8r av globale IT-tjenester\",\"potentialAction\":[{\"@type\":\"SearchAction\",\"target\":{\"@type\":\"EntryPoint\",\"urlTemplate\":\"https:\/\/vika.no\/?s={search_term_string}\"},\"query-input\":\"required name=search_term_string\"}],\"inLanguage\":\"nb-NO\"}]}<\/script>\n<!-- \/ Yoast SEO plugin. -->","yoast_head_json":{"title":"IT Driftstjenester - Vika AS","robots":{"index":"index","follow":"follow","max-snippet":"max-snippet:-1","max-image-preview":"max-image-preview:large","max-video-preview":"max-video-preview:-1"},"canonical":"https:\/\/vika.no\/?page_id=501","og_locale":"nb_NO","og_type":"article","og_title":"IT Driftstjenester - Vika AS","og_description":"Salg og service Maskinvare Vika leverer prim\u00e6rt maskinvare fra Dell&#8217;s produktportef\u00f8lje som vi har god erfaring med. Dell sine produkter oppleves som solide og stabile &hellip; Les mer Driftsavtale Driftsavtaler Ved \u00e5 tilby driftsavtale med \u00f8nsket responstid, gir vi kundene muligheten til \u00e5 bestemme selv hvor viktig driften er. Vi skreddersyr en avtale &hellip; Les &hellip;","og_url":"https:\/\/vika.no\/?page_id=501","og_site_name":"Vika AS","article_modified_time":"2018-04-05T11:32:04+00:00","twitter_card":"summary_large_image","twitter_misc":{"Ansl. lesetid":"1 minutt"},"schema":{"@context":"https:\/\/schema.org","@graph":[{"@type":"WebPage","@id":"https:\/\/vika.no\/?page_id=501","url":"https:\/\/vika.no\/?page_id=501","name":"IT Driftstjenester - Vika AS","isPartOf":{"@id":"https:\/\/vika.no\/#website"},"datePublished":"2015-08-27T11:31:45+00:00","dateModified":"2018-04-05T11:32:04+00:00","breadcrumb":{"@id":"https:\/\/vika.no\/?page_id=501#breadcrumb"},"inLanguage":"nb-NO","potentialAction":[{"@type":"ReadAction","target":["https:\/\/vika.no\/?page_id=501"]}]},{"@type":"BreadcrumbList","@id":"https:\/\/vika.no\/?page_id=501#breadcrumb","itemListElement":[{"@type":"ListItem","position":1,"name":"Home","item":"https:\/\/vika.no\/"},{"@type":"ListItem","position":2,"name":"IT Driftstjenester"}]},{"@type":"WebSite","@id":"https:\/\/vika.no\/#website","url":"https:\/\/vika.no\/","name":"Vika AS","description":"Lokal leverand\u00f8r av globale IT-tjenester","potentialAction":[{"@type":"SearchAction","target":{"@type":"EntryPoint","urlTemplate":"https:\/\/vika.no\/?s={search_term_string}"},"query-input":"required name=search_term_string"}],"inLanguage":"nb-NO"}]}},"_links":{"self":[{"href":"https:\/\/vika.no\/index.php?rest_route=\/wp\/v2\/pages\/501"}],"collection":[{"href":"https:\/\/vika.no\/index.php?rest_route=\/wp\/v2\/pages"}],"about":[{"href":"https:\/\/vika.no\/index.php?rest_route=\/wp\/v2\/types\/page"}],"author":[{"embeddable":true,"href":"https:\/\/vika.no\/index.php?rest_route=\/wp\/v2\/users\/1"}],"replies":[{"embeddable":true,"href":"https:\/\/vika.no\/index.php?rest_route=%2Fwp%2Fv2%2Fcomments&post=501"}],"version-history":[{"count":168,"href":"https:\/\/vika.no\/index.php?rest_route=\/wp\/v2\/pages\/501\/revisions"}],"predecessor-version":[{"id":1006,"href":"https:\/\/vika.no\/index.php?rest_route=\/wp\/v2\/pages\/501\/revisions\/1006"}],"wp:attachment":[{"href":"https:\/\/vika.no\/index.php?rest_route=%2Fwp%2Fv2%2Fmedia&parent=501"}],"curies":[{"name":"wp","href":"https:\/\/api.w.org\/{rel}","templated":true}]}}